{"id":1406,"date":"2020-11-11T23:55:01","date_gmt":"2020-11-11T20:55:01","guid":{"rendered":"http:\/\/www.senturkdundar.av.tr\/?page_id=1406"},"modified":"2020-11-19T23:19:36","modified_gmt":"2020-11-19T20:19:36","slug":"online-danismanlik","status":"publish","type":"page","link":"http:\/\/www.senturkdundar.av.tr\/de\/online-danismanlik\/","title":{"rendered":"Online Dan\u0131\u015fmanl\u0131k"},"content":{"rendered":"<p>[vc_row][vc_column][vc_column_text]\u015eent\u00fcrk&amp;D\u00fcndar Avukatl\u0131k B\u00fcrosu olarak y\u00fcz y\u00fcze, telefon ve yaz\u0131l\u0131 olarak yapmakta oldu\u011fumuz Hukuki Dan\u0131\u015fmanl\u0131k Hizmetini, art\u0131k online olarak ta internet \u00fczerinden veriyoruz. Hukuki sorunlar\u0131n\u0131z\u0131n \u00e7\u00f6z\u00fcm\u00fc i\u00e7in, size cep telefonunuz, tabletiniz ya da ki\u015fisel bilgisayar\u0131n\u0131z kadar yak\u0131n\u0131z.<\/p>\n<p>Online hukuki dan\u0131\u015fmanl\u0131k hizmeti GSM, WhatsApp, Skype, Facebook, Zoom vb. gibi uygulamalar \u00fczerinden , y\u00fcz y\u00fcze ya da s\u00f6zl\u00fc, mail \u00fczerinden de\u00a0 yaz\u0131l\u0131 olarak verilmektedir..<\/p>\n<p>Biz \u015eent\u00fcrk&amp;D\u00fcndar Avukatl\u0131k B\u00fcrosu mensubu avukatlar olarak, sadece \u00e7al\u0131\u015fma alan\u0131m\u0131za giren, bilgi ve tecr\u00fcbe sahibi oldu\u011fumuz konularda hukuki dan\u0131\u015fmanl\u0131k hizmeti vermekteyiz.<\/p>\n<p>Bu y\u00fczden dan\u0131\u015fmanl\u0131k hizmeti almak isteyenlerin \u00f6ncelikle ekli formu doldurmalar\u0131, varsa konuya ili\u015fin bilgi ve belgeleri eklemeleri gerekmektedir. Dan\u0131\u015fmanl\u0131k hizmeti vermeyi uygun g\u00f6rd\u00fc\u011f\u00fcm\u00fcz takdirde randevu tarihi se\u00e7me ve \u00f6deme a\u015famas\u0131na ge\u00e7meniz i\u00e7in onay verilecektir.<\/p>\n<p>Gerek Hukuki Dan\u0131\u015fmanl\u0131k gerekse Avukatl\u0131k Hizmeti verirken biz Avukatlar , Avukatl\u0131k Kanunu ve T\u00fcrkiye Barolar Birli\u011fi Disiplin Kurallar\u0131na tabiyiz.. Dolay\u0131s\u0131yla bedelsiz hizmet vermemiz yasakt\u0131r ve verdi\u011fimiz hizmetin kar\u015f\u0131l\u0131\u011f\u0131n\u0131 belirlerken Avukatl\u0131k Asgari \u00dccret Tarifesine uymak zorunday\u0131z. Sizden \u00f6demenizi isteyece\u011fimiz miktar bu tarifeden farkl\u0131 olmayacakt\u0131r.<\/p>\n<p>Hukuki dan\u0131\u015fma hizmeti alan dan\u0131\u015fanlar\u0131m\u0131z, ayn\u0131 konuya ili\u015fkin yeniden hukuki deste\u011fe ihtiya\u00e7 duymas\u0131 halinde yeniden \u00fccret al\u0131nmayacakt\u0131r.<\/p>\n<p>Dan\u0131\u015fmanl\u0131k s\u0131ras\u0131nda hukuki s\u00fcre\u00e7, bilgilendirme, sahip olunan haklar, yap\u0131labilecek ba\u015fvuru ve \u015fikayetler, a\u00e7\u0131lacak davalar ile ilgili genel, \u00e7er\u00e7eve bilgiler verilmektedir. Dan\u0131\u015fmanl\u0131k verilmesi ile taraflar aras\u0131nda vekalet akdi kurulmu\u015f olmaz. Avukatl\u0131k ili\u015fkisi noterde resim vekaletname d\u00fczenlenmesi ile ba\u015flar.<\/p>\n<p>Avukatl\u0131k Kanunu uyar\u0131nca Avukat; mesleki faaliyeti esnas\u0131nda m\u00fcvekkiline dair bilgi ve belgeleri gizlemek ve saklamakla y\u00fck\u00fcml\u00fcd\u00fcr. M\u00fcvekkilin kendisine vermi\u015f oldu\u011fu bilgiler meslek eti\u011fi gere\u011fi s\u0131r niteli\u011findedir ve \u00fc\u00e7\u00fcnc\u00fc ki\u015filer ile payla\u015f\u0131lmaz.[\/vc_column_text][\/vc_column][\/vc_row]<a name=\"online\"><\/a>[vc_row][vc_column width=&#8220;1\/2&#8243;]\n  <div class=\"row d-flex justify-content-center \">\n    <div class=\"col-lg-12\">\n      <div class=\"section-title-two text-center\">\n        <div class=\"section-two-body\">\n          <h6 class=\"sub-title activeColor\">WhatsApp Randevu<\/h6>\n         <h3 class=\"main-title\"><\/h3>\n        <\/div>\n        <div class=\"stock\">\n          <img src=\"http:\/\/www.senturkdundar.av.tr\/wp-content\/uploads\/2018\/12\/stock-1.png\" alt=\"stock\">\n        <\/div>\n      <\/div>\n    <\/div>\n  <\/div>\n\n  [vc_btn title=&#8220;WhatsApp ile Randevu Al\u0131n&#8220; color=&#8220;green&#8220; size=&#8220;lg&#8220; align=&#8220;center&#8220; i_icon_fontawesome=&#8220;fa fa-whatsapp&#8220; add_icon=&#8220;true&#8220; link=&#8220;url:https%3A%2F%2Fapi.whatsapp.com%2Fsend%3Fphone%3D905323112850%26text%3DMerhaba%252C%2520sizinle%2520web%2520siteniz%2520%25C3%25BCzerinden%2520ileti%25C5%259Fime%2520ge%25C3%25A7iyorum.|||&#8220;][\/vc_column][vc_column width=&#8220;1\/2&#8243;]\n  <div class=\"row d-flex justify-content-center \">\n    <div class=\"col-lg-12\">\n      <div class=\"section-title-two text-center\">\n        <div class=\"section-two-body\">\n          <h6 class=\"sub-title activeColor\">Telefon Randevu<\/h6>\n         <h3 class=\"main-title\"><\/h3>\n        <\/div>\n        <div class=\"stock\">\n          <img src=\"http:\/\/www.senturkdundar.av.tr\/wp-content\/uploads\/2018\/12\/stock-1.png\" alt=\"stock\">\n        <\/div>\n      <\/div>\n    <\/div>\n  <\/div>\n\n  [vc_btn title=&#8220;Telefon ile Randevu Al\u0131n&#8220; color=&#8220;juicy-pink&#8220; size=&#8220;lg&#8220; align=&#8220;center&#8220; i_icon_fontawesome=&#8220;fa fa-phone-square&#8220; add_icon=&#8220;true&#8220; link=&#8220;url:tel%3A%20%2B902884174393|||&#8220;][\/vc_column][\/vc_row][vc_row][vc_column]\n  <div class=\"row d-flex justify-content-center \">\n    <div class=\"col-lg-12\">\n      <div class=\"section-title-two text-center\">\n        <div class=\"section-two-body\">\n          <h6 class=\"sub-title activeColor\">Online Randevu<\/h6>\n         <h3 class=\"main-title\"><\/h3>\n        <\/div>\n        <div class=\"stock\">\n          <img src=\"http:\/\/www.senturkdundar.av.tr\/wp-content\/uploads\/2018\/12\/stock-1.png\" alt=\"stock\">\n        <\/div>\n      <\/div>\n    <\/div>\n  <\/div>\n\n  [vc_column_text]<\/p>\n<p style=\"text-align: center;\">\n<div id=\"booknetic_progress\" class=\"booknetic_progress_waiting booknetic_progress_done\"><dt><\/dt><dd><\/dd><\/div>\n\n<div class=\"booknetic_appointment\" id=\"booknetic_theme_1\">\n\t<div class=\"booknetic_appointment_steps\">\n\t\t<div class=\"booknetic_appointment_steps_body\">\n\t\t\t\t\t\t\t<div class=\"booknetic_appointment_step_element booknetic_menu_hidden\"  data-value=\"1\" data-step-id=\"location\" data-loader=\"card1\" data-title=\"Standort ausw\u00e4hlen\" >\n\t\t\t\t\t<span class=\"booknetic_badge\"><\/span>\n\t\t\t\t\t<span class=\"booknetic_step_title\"> Standort<\/span>\n\t\t\t\t<\/div>\n\t\t\t\t\t\t\t\t<div class=\"booknetic_appointment_step_element\"  data-step-id=\"staff\" data-loader=\"card1\" data-title=\"Ausgew\u00e4hlte seramt\" >\n\t\t\t\t\t<span class=\"booknetic_badge\"><\/span>\n\t\t\t\t\t<span class=\"booknetic_step_title\"> Mitarbeiter<\/span>\n\t\t\t\t<\/div>\n\t\t\t\t\t\t\t\t<div class=\"booknetic_appointment_step_element\"  data-step-id=\"service\" data-loader=\"card2\" data-title=\"Service ausw\u00e4hlen\"  data-service-category=\"\">\n\t\t\t\t\t<span class=\"booknetic_badge\"><\/span>\n\t\t\t\t\t<span class=\"booknetic_step_title\"> Service<\/span>\n\t\t\t\t<\/div>\n\t\t\t\t\t\t\t\t<div class=\"booknetic_appointment_step_element booknetic_menu_hidden\"  data-step-id=\"service_extras\" data-loader=\"card2\" data-title=\"Service-Extras ausw\u00e4hlen\" >\n\t\t\t\t\t<span class=\"booknetic_badge\"><\/span>\n\t\t\t\t\t<span class=\"booknetic_step_title\"> Service-Extras<\/span>\n\t\t\t\t<\/div>\n\t\t\t\t\t\t\t\t<div class=\"booknetic_appointment_step_element\"  data-step-id=\"date_time\" data-loader=\"card3\" data-title=\"W\u00e4hlen Sie Datum und Uhrzeit\" >\n\t\t\t\t\t<span class=\"booknetic_badge\"><\/span>\n\t\t\t\t\t<span class=\"booknetic_step_title\"> Datum &amp; Uhrzeit<\/span>\n\t\t\t\t<\/div>\n\t\t\t\t\t\t\t\t<div class=\"booknetic_appointment_step_element booknetic_menu_hidden\"  data-step-id=\"recurring_info\" data-loader=\"card3\" data-title=\"Wiederkehrende Informationen\" >\n\t\t\t\t\t<span class=\"booknetic_badge\"><\/span>\n\t\t\t\t\t<span class=\"booknetic_step_title\"> Wiederkehrende Informationen<\/span>\n\t\t\t\t<\/div>\n\t\t\t\t\t\t\t\t<div class=\"booknetic_appointment_step_element\"  data-step-id=\"information\" data-loader=\"card3\" data-title=\"Bitte f\u00fcllen Sie die Felder aus\" >\n\t\t\t\t\t<span class=\"booknetic_badge\"><\/span>\n\t\t\t\t\t<span class=\"booknetic_step_title\"> Informationen<\/span>\n\t\t\t\t<\/div>\n\t\t\t\t\t\t\t\t<div class=\"booknetic_appointment_step_element\"  data-step-id=\"confirm_details\" data-loader=\"card3\" data-title=\"Best\u00e4tigen Sie Ihre Angaben\" >\n\t\t\t\t\t<span class=\"booknetic_badge\"><\/span>\n\t\t\t\t\t<span class=\"booknetic_step_title\"> Best\u00e4tigung<\/span>\n\t\t\t\t<\/div>\n\t\t\t\t\t\t<\/div>\n\t\t<div class=\"booknetic_appointment_steps_footer\">\n\t\t\t<div class=\"booknetic_appointment_steps_footer_txt1\"><\/div>\n\t\t\t<div class=\"booknetic_appointment_steps_footer_txt2\"><\/div>\n\t\t<\/div>\n\t<\/div>\n\t<div class=\"booknetic_appointment_container\">\n\n\t\t<div class=\"booknetic_appointment_container_header\"><\/div>\n\t\t<div class=\"booknetic_appointment_container_body\">\n\n\t\t\t<div class=\"booknetic_preloader_card1_box booknetic_hidden\">\n\n\t\t\t\t<div class=\"booknetic_preloader_card1\">\n\t\t\t\t\t<div class=\"booknetic_preloader_card1_image\"><\/div>\n\t\t\t\t\t<div class=\"booknetic_preloader_card1_description\"><\/div>\n\t\t\t\t<\/div>\n\n\t\t\t\t<div class=\"booknetic_preloader_card1\">\n\t\t\t\t\t<div class=\"booknetic_preloader_card1_image\"><\/div>\n\t\t\t\t\t<div class=\"booknetic_preloader_card1_description\"><\/div>\n\t\t\t\t<\/div>\n\n\t\t\t\t<div class=\"booknetic_preloader_card1\">\n\t\t\t\t\t<div class=\"booknetic_preloader_card1_image\"><\/div>\n\t\t\t\t\t<div class=\"booknetic_preloader_card1_description\"><\/div>\n\t\t\t\t<\/div>\n\n\t\t\t<\/div>\n\n\t\t\t<div class=\"booknetic_preloader_card2_box booknetic_hidden\">\n\t\t\t\t<div class=\"booknetic_preloader_card2\">\n\t\t\t\t\t<div class=\"booknetic_preloader_card2_image\"><\/div>\n\t\t\t\t\t<div class=\"booknetic_preloader_card2_description\"><\/div>\n\t\t\t\t<\/div>\n\n\t\t\t\t<div class=\"booknetic_preloader_card2\">\n\t\t\t\t\t<div class=\"booknetic_preloader_card2_image\"><\/div>\n\t\t\t\t\t<div class=\"booknetic_preloader_card2_description\"><\/div>\n\t\t\t\t<\/div>\n\n\t\t\t\t<div class=\"booknetic_preloader_card2\">\n\t\t\t\t\t<div class=\"booknetic_preloader_card2_image\"><\/div>\n\t\t\t\t\t<div class=\"booknetic_preloader_card2_description\"><\/div>\n\t\t\t\t<\/div>\n\t\t\t<\/div>\n\n\t\t\t<div class=\"booknetic_preloader_card3_box booknetic_hidden\">\n\t\t\t\t<div class=\"booknetic_preloader_card3\"><\/div>\n\t\t\t\t<div class=\"booknetic_preloader_card3\"><\/div>\n\t\t\t\t<div class=\"booknetic_preloader_card3\"><\/div>\n\t\t\t\t<div class=\"booknetic_preloader_card3\"><\/div>\n\t\t\t<\/div>\n\n\t\t\t<div data-step-id=\"location\" class=\"booknetic_hidden\"><\/div>\n\t\t\t<div data-step-id=\"staff\" class=\"booknetic_hidden\"><\/div>\n\t\t\t<div data-step-id=\"service\" class=\"booknetic_hidden\"><\/div>\n\t\t\t<div data-step-id=\"service_extras\" class=\"booknetic_hidden\"><\/div>\n\t\t\t<div data-step-id=\"date_time\" class=\"booknetic_hidden\"><\/div>\n\t\t\t<div data-step-id=\"recurring_info\" class=\"booknetic_hidden\"><\/div>\n\t\t\t<div data-step-id=\"information\" class=\"booknetic_hidden\"><\/div>\n\t\t\t<div data-step-id=\"confirm_details\" class=\"booknetic_hidden\"><\/div>\n\n\t\t\t<div class=\"booknetic_appointment_finished_with_error booknetic_hidden\">\n\t\t\t\t<img src=\"http:\/\/www.senturkdundar.av.tr\/wp-content\/plugins\/booknetic\/app\/Frontend\/assets\/images\/payment-error.svg\">\n\t\t\t\t<div>Wir sind nicht in der Lage, Ihre Zahlung zu verarbeiten. Bitte versuchen Sie es erneut.<\/div>\n\t\t\t<\/div>\n\n\t\t<\/div>\n\t\t<div class=\"booknetic_appointment_container_footer\">\n\t\t\t<button type=\"button\" class=\"booknetic_btn_secondary booknetic_prev_step\">Zur\u00fcck<\/button>\n\t\t\t<div class=\"booknetic_warning_message\"><\/div>\n\t\t\t<button type=\"button\" class=\"booknetic_btn_primary booknetic_next_step\">N\u00e4chster Schritt<\/button>\n\t\t\t<button type=\"button\" class=\"booknetic_btn_primary booknetic_hidden booknetic_try_again_btn\">STRIPE-Zahlung Webhook: Nutzer wurden nicht gefunden Versuchen Sie es erneut in<\/button>\n\t\t<\/div>\n\t<\/div>\n\t<div class=\"booknetic_appointment_finished\">\n\t\t<div class=\"booknetic_appointment_finished_icon\"><img src=\"http:\/\/www.senturkdundar.av.tr\/wp-content\/plugins\/booknetic\/app\/Frontend\/assets\/icons\/status-ok.svg\"><\/div>\n\t\t<div class=\"booknetic_appointment_finished_title\">Vielen Dank f\u00fcr die Reservierung!<\/div>\n\t\t<div class=\"booknetic_appointment_finished_subtitle\">Ihre Best\u00e4tigungsnummer:<\/div>\n\t\t<div class=\"booknetic_appointment_finished_code\"><\/div>\n\t\t<div class=\"booknetic_appointment_finished_actions\">\n\t\t\t<button type=\"button\" id=\"booknetic_add_to_google_calendar_btn\" class=\"booknetic_btn_secondary booknetic_hidden\"><img src=\"http:\/\/www.senturkdundar.av.tr\/wp-content\/plugins\/booknetic\/app\/Frontend\/assets\/icons\/calendar.svg\"> F\u00fcge den Termin zum Google Kalender hinzu<\/button>\n\t\t\t<button type=\"button\" id=\"booknetic_start_new_booking_btn\" class=\"booknetic_btn_secondary booknetic_hidden\"><img src=\"http:\/\/www.senturkdundar.av.tr\/wp-content\/plugins\/booknetic\/app\/Frontend\/assets\/icons\/plus.svg\"> Starte eine neue Buchung<\/button>\n\t\t\t<button type=\"button\" id=\"booknetic_finish_btn\" class=\"booknetic_btn_secondary\" data-redirect-url=\"\"><img src=\"http:\/\/www.senturkdundar.av.tr\/wp-content\/plugins\/booknetic\/app\/Frontend\/assets\/icons\/check-small.svg\"> Best\u00e4tige die Buchung<\/button>\n\t\t\t<button type=\"button\"  class=\"booknetic_btn_secondary\" data-redirect-url=\"\"><a href=\"https:\/\/pos.param.com.tr\/Tahsilat\/Default.aspx?k=7c1b454d-4950-4e93-b90c-6c1016752ba3\" target=\"_blank\"><img src=\"http:\/\/www.senturkdundar.av.tr\/wp-content\/plugins\/booknetic\/app\/Frontend\/assets\/icons\/plus.svg\"> \u015e\u0130MD\u0130 \u00d6DEME YAP<\/a><\/button>\n\t\t\t\n\t\t<\/div>\n\t<\/div>\n<\/div>\n<p>[\/vc_column_text][\/vc_column][\/vc_row]<\/p>\n","protected":false},"excerpt":{"rendered":"<p>[vc_row][vc_column][vc_column_text]\u015eent\u00fcrk&amp;D\u00fcndar Avukatl\u0131k B\u00fcrosu olarak y\u00fcz y\u00fcze, telefon ve yaz\u0131l\u0131 olarak yapmakta oldu\u011fumuz Hukuki Dan\u0131\u015fmanl\u0131k Hizmetini, art\u0131k online olarak ta internet \u00fczerinden veriyoruz. Hukuki sorunlar\u0131n\u0131z\u0131n \u00e7\u00f6z\u00fcm\u00fc i\u00e7in, size cep telefonunuz, tabletiniz ya da ki\u015fisel bilgisayar\u0131n\u0131z kadar yak\u0131n\u0131z. Online hukuki dan\u0131\u015fmanl\u0131k hizmeti GSM, WhatsApp, Skype, Facebook, Zoom vb. gibi uygulamalar \u00fczerinden , y\u00fcz y\u00fcze ya da s\u00f6zl\u00fc, [&hellip;]<\/p>\n","protected":false},"author":1,"featured_media":0,"parent":0,"menu_order":0,"comment_status":"closed","ping_status":"closed","template":"","meta":[],"_links":{"self":[{"href":"http:\/\/www.senturkdundar.av.tr\/de\/wp-json\/wp\/v2\/pages\/1406"}],"collection":[{"href":"http:\/\/www.senturkdundar.av.tr\/de\/wp-json\/wp\/v2\/pages"}],"about":[{"href":"http:\/\/www.senturkdundar.av.tr\/de\/wp-json\/wp\/v2\/types\/page"}],"author":[{"embeddable":true,"href":"http:\/\/www.senturkdundar.av.tr\/de\/wp-json\/wp\/v2\/users\/1"}],"replies":[{"embeddable":true,"href":"http:\/\/www.senturkdundar.av.tr\/de\/wp-json\/wp\/v2\/comments?post=1406"}],"version-history":[{"count":66,"href":"http:\/\/www.senturkdundar.av.tr\/de\/wp-json\/wp\/v2\/pages\/1406\/revisions"}],"predecessor-version":[{"id":1640,"href":"http:\/\/www.senturkdundar.av.tr\/de\/wp-json\/wp\/v2\/pages\/1406\/revisions\/1640"}],"wp:attachment":[{"href":"http:\/\/www.senturkdundar.av.tr\/de\/wp-json\/wp\/v2\/media?parent=1406"}],"curies":[{"name":"wp","href":"https:\/\/api.w.org\/{rel}","templated":true}]}}