{"id":475,"date":"2018-11-24T10:00:31","date_gmt":"2018-11-24T10:00:31","guid":{"rendered":"http:\/\/pluginspoint.com\/ciray\/?page_id=475"},"modified":"2020-11-11T22:56:03","modified_gmt":"2020-11-11T19:56:03","slug":"haberler","status":"publish","type":"page","link":"http:\/\/www.senturkdundar.av.tr\/en\/haberler\/","title":{"rendered":"Haberler"},"content":{"rendered":"<p>[vc_row css=&#8221;.vc_custom_1543053740779{padding-top: 100px !important;padding-bottom: 70px !important;}&#8221;][vc_column]\n  <script>\n    jQuery(document).ready(function($) {\n      $(\"#blog-list\").owlCarousel({\n        loop: true,\n        margin: 30,\n        responsiveClass: true,\n        navigation: true,\n        navText: [\"<i class='fa fa-angle-left'><\/i>\", \"<i class='fa fa-angle-right'><\/i>\"],\n        nav: true,\n        items: 3,\n        smartSpeed: 1000,\n        dots: true,\n        autoplay: true,\n        mouseDrag:1000,\n        autoplayTimeout: 4000,\n        center: false,\n        responsive: {\n            0: {\n                items: 1            },\n            480: {\n                items: 2            },\n            760: {\n                items: 3            }\n        }\n      });\n    });\n  <\/script>\n\n      <div class=\"row\">\n      \n      <div class=\"col-12 col-md-6 col-lg-4\">\n        <div class=\"single-blog\">\n                    <div class=\"single-blog-thumb\">\n            <a href=\"http:\/\/www.senturkdundar.av.tr\/en\/gumruge-tabi-tutulmadan-turkiyeye-esya-sokulmasi-kacakcilik-sucu\/\">\n              <img width=\"362\" height=\"262\" src=\"http:\/\/www.senturkdundar.av.tr\/wp-content\/uploads\/2020\/11\/kacakcilik-362x262.jpg\" class=\"img-fluid wp-post-image\" alt=\"\" loading=\"lazy\" \/>              <span class=\"icon\"><i class=\"fa fa-link\"><\/i><\/span>\n            <\/a>\n          <\/div>\n                    <div class=\"content\">\n            <div class=\"entry-meta\">\n                              <div class=\"author\">\n                  By <a href=\"http:\/\/www.senturkdundar.av.tr\/en\/author\/sunay\/\">sunay<\/a>\n                <\/div>\n                              <div class=\"month\">\n                  <a href=\"http:\/\/www.senturkdundar.av.tr\/en\/gumruge-tabi-tutulmadan-turkiyeye-esya-sokulmasi-kacakcilik-sucu\/\">18 November 2020<\/a>\n                <\/div>\n                          <\/div>\n            <a href=\"http:\/\/www.senturkdundar.av.tr\/en\/gumruge-tabi-tutulmadan-turkiyeye-esya-sokulmasi-kacakcilik-sucu\/\" class=\"entry-title\">G\u00fcmr\u00fc\u011fe Tabi Tutulmadan T\u00fcrkiye&#8217;ye E\u015fya Sokulmas\u0131 &#8211; Ka\u00e7ak\u00e7\u0131l\u0131k<\/a>\n            <p class=\"entry-content\">Ka\u00e7ak\u00e7\u0131l\u0131k su\u00e7u \u00f6zel bir \u015fekilde 5607 say\u0131l\u0131 Ka\u00e7ak\u00e7\u0131l\u0131kla M\u00fccadele Kanunu\u2019nda d\u00fczenlenmi\u015ftir. Ka\u00e7ak\u00e7\u0131l\u0131k su\u00e7lar\u0131 ile ilgili de\u011ferlendirme yap\u0131l\u0131rken Ka\u00e7ak\u00e7\u0131l\u0131kla M\u00fccadele Kanunu&hellip;<\/p>\n          <\/div>\n          <div class=\"entry-meta-footer\">\n            <a href=\"http:\/\/www.senturkdundar.av.tr\/en\/gumruge-tabi-tutulmadan-turkiyeye-esya-sokulmasi-kacakcilik-sucu\/\" class=\"read-more\">Devam\u0131n\u0131 Oku <i class=\"fa fa-angle-right\" aria-hidden=\"true\"><\/i><\/a>\n                          <a href=\"http:\/\/www.senturkdundar.av.tr\/en\/gumruge-tabi-tutulmadan-turkiyeye-esya-sokulmasi-kacakcilik-sucu\/#respond\"> <i class=\"fa fa-comments-o\" aria-hidden=\"true\"><\/i> Yorum: 0<\/a>\n                      <\/div>\n        <\/div>\n      <\/div>\n      \n      <div class=\"col-12 col-md-6 col-lg-4\">\n        <div class=\"single-blog\">\n                    <div class=\"single-blog-thumb\">\n            <a href=\"http:\/\/www.senturkdundar.av.tr\/en\/filyasyon-ekipleri-rapor-verebilecek\/\">\n              <img width=\"362\" height=\"262\" src=\"http:\/\/www.senturkdundar.av.tr\/wp-content\/uploads\/2020\/11\/filyasyon-ekipleri-362x262.jpg\" class=\"img-fluid wp-post-image\" alt=\"\" loading=\"lazy\" \/>              <span class=\"icon\"><i class=\"fa fa-link\"><\/i><\/span>\n            <\/a>\n          <\/div>\n                    <div class=\"content\">\n            <div class=\"entry-meta\">\n                              <div class=\"author\">\n                  By <a href=\"http:\/\/www.senturkdundar.av.tr\/en\/author\/sunay\/\">sunay<\/a>\n                <\/div>\n                              <div class=\"month\">\n                  <a href=\"http:\/\/www.senturkdundar.av.tr\/en\/filyasyon-ekipleri-rapor-verebilecek\/\">13 November 2020<\/a>\n                <\/div>\n                          <\/div>\n            <a href=\"http:\/\/www.senturkdundar.av.tr\/en\/filyasyon-ekipleri-rapor-verebilecek\/\" class=\"entry-title\">Filyasyon Ekipleri Rapor Verebilecek<\/a>\n            <p class=\"entry-content\">Koronavir\u00fcs \u015f\u00fcphesi ile hastaneye giden i\u015f\u00e7inin koronavir\u00fcs testi sonu\u00e7lar\u0131n\u0131n pozitif \u00e7\u0131kmas\u0131 veya test sonu\u00e7lar\u0131 pozitif \u00e7\u0131kmasa bile belirtilerin koronavir\u00fcs belirtilerine&hellip;<\/p>\n          <\/div>\n          <div class=\"entry-meta-footer\">\n            <a href=\"http:\/\/www.senturkdundar.av.tr\/en\/filyasyon-ekipleri-rapor-verebilecek\/\" class=\"read-more\">Devam\u0131n\u0131 Oku <i class=\"fa fa-angle-right\" aria-hidden=\"true\"><\/i><\/a>\n                          <a href=\"http:\/\/www.senturkdundar.av.tr\/en\/filyasyon-ekipleri-rapor-verebilecek\/#respond\"> <i class=\"fa fa-comments-o\" aria-hidden=\"true\"><\/i> Yorum: 0<\/a>\n                      <\/div>\n        <\/div>\n      <\/div>\n      \n      <div class=\"col-12 col-md-6 col-lg-4\">\n        <div class=\"single-blog\">\n                    <div class=\"single-blog-thumb\">\n            <a href=\"http:\/\/www.senturkdundar.av.tr\/en\/devamsizlik-nedeni-ile-fesih\/\">\n              <img width=\"362\" height=\"262\" src=\"http:\/\/www.senturkdundar.av.tr\/wp-content\/uploads\/2020\/11\/devamsizlik-nedeniyle-fesih-362x262.jpg\" class=\"img-fluid wp-post-image\" alt=\"\" loading=\"lazy\" \/>              <span class=\"icon\"><i class=\"fa fa-link\"><\/i><\/span>\n            <\/a>\n          <\/div>\n                    <div class=\"content\">\n            <div class=\"entry-meta\">\n                              <div class=\"author\">\n                  By <a href=\"http:\/\/www.senturkdundar.av.tr\/en\/author\/sunay\/\">sunay<\/a>\n                <\/div>\n                              <div class=\"month\">\n                  <a href=\"http:\/\/www.senturkdundar.av.tr\/en\/devamsizlik-nedeni-ile-fesih\/\">13 November 2020<\/a>\n                <\/div>\n                          <\/div>\n            <a href=\"http:\/\/www.senturkdundar.av.tr\/en\/devamsizlik-nedeni-ile-fesih\/\" class=\"entry-title\">Devams\u0131zl\u0131k Nedeni \u0130le Fesih<\/a>\n            <p class=\"entry-content\">\u0130\u015f\u00e7inin i\u015fe devams\u0131zl\u0131\u011f\u0131 i\u015fverenlerin s\u0131kl\u0131kla kar\u015f\u0131la\u015ft\u0131\u011f\u0131 sorunlardan biridir. \u0130\u015f\u00e7inin i\u015fe devams\u0131zl\u0131\u011f\u0131 i\u015fveren i\u00e7in hakl\u0131 fesih nedeni olsa da baz\u0131 durumlarda&hellip;<\/p>\n          <\/div>\n          <div class=\"entry-meta-footer\">\n            <a href=\"http:\/\/www.senturkdundar.av.tr\/en\/devamsizlik-nedeni-ile-fesih\/\" class=\"read-more\">Devam\u0131n\u0131 Oku <i class=\"fa fa-angle-right\" aria-hidden=\"true\"><\/i><\/a>\n                          <a href=\"http:\/\/www.senturkdundar.av.tr\/en\/devamsizlik-nedeni-ile-fesih\/#respond\"> <i class=\"fa fa-comments-o\" aria-hidden=\"true\"><\/i> Yorum: 0<\/a>\n                      <\/div>\n        <\/div>\n      <\/div>\n      \n      <div class=\"col-12 col-md-6 col-lg-4\">\n        <div class=\"single-blog\">\n                    <div class=\"single-blog-thumb\">\n            <a href=\"http:\/\/www.senturkdundar.av.tr\/en\/cinsel-istismar-onergesi-ve-guncel\/\">\n              <img width=\"362\" height=\"262\" src=\"http:\/\/www.senturkdundar.av.tr\/wp-content\/uploads\/2020\/11\/5e1c4550-db86-4e09-8564-8b17681ae101-362x262.jpg\" class=\"img-fluid wp-post-image\" alt=\"\" loading=\"lazy\" \/>              <span class=\"icon\"><i class=\"fa fa-link\"><\/i><\/span>\n            <\/a>\n          <\/div>\n                    <div class=\"content\">\n            <div class=\"entry-meta\">\n                              <div class=\"author\">\n                  By <a href=\"http:\/\/www.senturkdundar.av.tr\/en\/author\/sunay\/\">sunay<\/a>\n                <\/div>\n                              <div class=\"month\">\n                  <a href=\"http:\/\/www.senturkdundar.av.tr\/en\/cinsel-istismar-onergesi-ve-guncel\/\">10 November 2020<\/a>\n                <\/div>\n                          <\/div>\n            <a href=\"http:\/\/www.senturkdundar.av.tr\/en\/cinsel-istismar-onergesi-ve-guncel\/\" class=\"entry-title\">Cinsel \u0130stismar \u00d6nergesi ve G\u00fcncel<\/a>\n            <p class=\"entry-content\">Ge\u00e7ti\u011fimiz g\u00fcnlerde T\u00fcrkiye\u2019nin bir anda g\u00fcndemine oturan ve \u201ctecav\u00fcz yasas\u0131\u201d olarak an\u0131lmaya ba\u015flanan, \u2018\u00e7ocu\u011fa cinsel istismar\u2019 \u00f6nergesi, \u201cTecav\u00fczc\u00fcler affediliyor. D\u00fczenlemeyi&hellip;<\/p>\n          <\/div>\n          <div class=\"entry-meta-footer\">\n            <a href=\"http:\/\/www.senturkdundar.av.tr\/en\/cinsel-istismar-onergesi-ve-guncel\/\" class=\"read-more\">Devam\u0131n\u0131 Oku <i class=\"fa fa-angle-right\" aria-hidden=\"true\"><\/i><\/a>\n                          <a href=\"http:\/\/www.senturkdundar.av.tr\/en\/cinsel-istismar-onergesi-ve-guncel\/#respond\"> <i class=\"fa fa-comments-o\" aria-hidden=\"true\"><\/i> Yorum: 0<\/a>\n                      <\/div>\n        <\/div>\n      <\/div>\n          <\/div>\n\n  [\/vc_column][\/vc_row]<\/p>\n","protected":false},"excerpt":{"rendered":"<p>[vc_row css=&#8221;.vc_custom_1543053740779{padding-top: 100px !important;padding-bottom: 70px !important;}&#8221;][vc_column][\/vc_column][\/vc_row]<\/p>\n","protected":false},"author":1,"featured_media":0,"parent":0,"menu_order":0,"comment_status":"closed","ping_status":"closed","template":"page-template\/blank-page-sidebar.php","meta":[],"_links":{"self":[{"href":"http:\/\/www.senturkdundar.av.tr\/en\/wp-json\/wp\/v2\/pages\/475"}],"collection":[{"href":"http:\/\/www.senturkdundar.av.tr\/en\/wp-json\/wp\/v2\/pages"}],"about":[{"href":"http:\/\/www.senturkdundar.av.tr\/en\/wp-json\/wp\/v2\/types\/page"}],"author":[{"embeddable":true,"href":"http:\/\/www.senturkdundar.av.tr\/en\/wp-json\/wp\/v2\/users\/1"}],"replies":[{"embeddable":true,"href":"http:\/\/www.senturkdundar.av.tr\/en\/wp-json\/wp\/v2\/comments?post=475"}],"version-history":[{"count":2,"href":"http:\/\/www.senturkdundar.av.tr\/en\/wp-json\/wp\/v2\/pages\/475\/revisions"}],"predecessor-version":[{"id":1383,"href":"http:\/\/www.senturkdundar.av.tr\/en\/wp-json\/wp\/v2\/pages\/475\/revisions\/1383"}],"wp:attachment":[{"href":"http:\/\/www.senturkdundar.av.tr\/en\/wp-json\/wp\/v2\/media?parent=475"}],"curies":[{"name":"wp","href":"https:\/\/api.w.org\/{rel}","templated":true}]}}