{"id":1419,"date":"2020-11-12T16:26:24","date_gmt":"2020-11-12T13:26:24","guid":{"rendered":"http:\/\/www.senturkdundar.av.tr\/?page_id=1419"},"modified":"2020-11-27T08:44:16","modified_gmt":"2020-11-27T05:44:16","slug":"banka-hesaplarimiz","status":"publish","type":"page","link":"https:\/\/www.senturkdundar.av.tr\/bg\/banka-hesaplarimiz\/","title":{"rendered":"Banka Hesaplar\u0131m\u0131z"},"content":{"rendered":"<p>[vc_row][vc_column width=&#8220;1\/3&#8243;][mvc_infobox title_color=&#8220;#000000&#8243; image_id=&#8220;1596&#8243; image_size=&#8220;300&#8243; caption_url=&#8220;&#8220;]<strong>B\u0130REYSEL KRED\u0130 TAHS\u0130LAT HESAP NUMARASI:<\/strong><\/p>\n<p>TR07 0006 2000 1110 0006 6900 33[\/mvc_infobox][\/vc_column][vc_column width=&#8220;1\/3&#8243;][mvc_infobox title_color=&#8220;#000000&#8243; image_id=&#8220;1593&#8243; image_size=&#8220;300&#8243;]<strong>B\u0130REYSEL-\u0130\u015eLETME-TARIM TAHS\u0130LAT HESAP NUMARASI:<\/strong><\/p>\n<p>TR17 0013 4000 0021 1361 6000 06[\/mvc_infobox][\/vc_column][vc_column width=&#8220;1\/3&#8243;][mvc_infobox title_color=&#8220;#000000&#8243; image_id=&#8220;1594&#8243; image_size=&#8220;300&#8243;]<strong>PTT POSTA \u00c7EK\u0130 HESAP NUMARASI:<\/strong><\/p>\n<p>Av. Murat D\u00dcNDAR<\/p>\n<p>L\u00fcleburgaz-115 316 05[\/mvc_infobox][\/vc_column][\/vc_row]<\/p>\n","protected":false},"excerpt":{"rendered":"<p>[vc_row][vc_column width=&#8220;1\/3&#8243;][mvc_infobox title_color=&#8220;#000000&#8243; image_id=&#8220;1596&#8243; image_size=&#8220;300&#8243; caption_url=&#8220;&#8220;]B\u0130REYSEL KRED\u0130 TAHS\u0130LAT HESAP NUMARASI: TR07 0006 2000 1110 0006 6900 33[\/mvc_infobox][\/vc_column][vc_column width=&#8220;1\/3&#8243;][mvc_infobox title_color=&#8220;#000000&#8243; image_id=&#8220;1593&#8243; image_size=&#8220;300&#8243;]B\u0130REYSEL-\u0130\u015eLETME-TARIM TAHS\u0130LAT HESAP NUMARASI: TR17 0013 4000 0021 1361 6000 06[\/mvc_infobox][\/vc_column][vc_column width=&#8220;1\/3&#8243;][mvc_infobox title_color=&#8220;#000000&#8243; image_id=&#8220;1594&#8243; image_size=&#8220;300&#8243;]PTT POSTA \u00c7EK\u0130 HESAP NUMARASI: Av. Murat D\u00dcNDAR L\u00fcleburgaz-115 316 05[\/mvc_infobox][\/vc_column][\/vc_row]<\/p>\n","protected":false},"author":1,"featured_media":0,"parent":0,"menu_order":0,"comment_status":"closed","ping_status":"closed","template":"","meta":[],"_links":{"self":[{"href":"https:\/\/www.senturkdundar.av.tr\/bg\/wp-json\/wp\/v2\/pages\/1419"}],"collection":[{"href":"https:\/\/www.senturkdundar.av.tr\/bg\/wp-json\/wp\/v2\/pages"}],"about":[{"href":"https:\/\/www.senturkdundar.av.tr\/bg\/wp-json\/wp\/v2\/types\/page"}],"author":[{"embeddable":true,"href":"https:\/\/www.senturkdundar.av.tr\/bg\/wp-json\/wp\/v2\/users\/1"}],"replies":[{"embeddable":true,"href":"https:\/\/www.senturkdundar.av.tr\/bg\/wp-json\/wp\/v2\/comments?post=1419"}],"version-history":[{"count":13,"href":"https:\/\/www.senturkdundar.av.tr\/bg\/wp-json\/wp\/v2\/pages\/1419\/revisions"}],"predecessor-version":[{"id":1707,"href":"https:\/\/www.senturkdundar.av.tr\/bg\/wp-json\/wp\/v2\/pages\/1419\/revisions\/1707"}],"wp:attachment":[{"href":"https:\/\/www.senturkdundar.av.tr\/bg\/wp-json\/wp\/v2\/media?parent=1419"}],"curies":[{"name":"wp","href":"https:\/\/api.w.org\/{rel}","templated":true}]}}