{"id":1421,"date":"2020-11-12T16:26:38","date_gmt":"2020-11-12T13:26:38","guid":{"rendered":"http:\/\/www.senturkdundar.av.tr\/?page_id=1421"},"modified":"2020-11-16T22:13:45","modified_gmt":"2020-11-16T19:13:45","slug":"vekalet-bilgileri","status":"publish","type":"page","link":"https:\/\/www.senturkdundar.av.tr\/bg\/vekalet-bilgileri\/","title":{"rendered":"Vekalet Bilgileri"},"content":{"rendered":"\n<p>Av. \u015eaban Koray \u015eENT\u00dcRK (K\u0131rklareli Barosu Sicil No:206)<br>Av. Murat D\u00dcNDAR (K\u0131rklareli Barosu Sicil No:285)<br>Av. M\u00fcm\u00fcn NE\u015eETO\u011eLU (Sigortal\u0131 Sicil No:3921201401847 K\u0131rklareli Barosu Sicil No:389)<br>Av. Saniye S\u00d6NMEZ (Sigortal\u0131 Sicil No:3921201802047 K\u0131rklareli Barosu Sicil No:465)<br>Adres : Kocasinan Mah. \u0130stasyon Cad. D\u00f6mezler Apt. No:34 K:3 D:13 L\u00fcleburgaz\/K\u0131rklareli<\/p>\n","protected":false},"excerpt":{"rendered":"<p>Av. \u015eaban Koray \u015eENT\u00dcRK (K\u0131rklareli Barosu Sicil No:206)Av. Murat D\u00dcNDAR (K\u0131rklareli Barosu Sicil No:285)Av. M\u00fcm\u00fcn NE\u015eETO\u011eLU (Sigortal\u0131 Sicil No:3921201401847 K\u0131rklareli Barosu Sicil No:389)Av. Saniye S\u00d6NMEZ (Sigortal\u0131 Sicil No:3921201802047 K\u0131rklareli Barosu Sicil No:465)Adres : Kocasinan Mah. \u0130stasyon Cad. D\u00f6mezler Apt. No:34 K:3 D:13 L\u00fcleburgaz\/K\u0131rklareli<\/p>\n","protected":false},"author":1,"featured_media":0,"parent":0,"menu_order":0,"comment_status":"closed","ping_status":"closed","template":"","meta":[],"_links":{"self":[{"href":"https:\/\/www.senturkdundar.av.tr\/bg\/wp-json\/wp\/v2\/pages\/1421"}],"collection":[{"href":"https:\/\/www.senturkdundar.av.tr\/bg\/wp-json\/wp\/v2\/pages"}],"about":[{"href":"https:\/\/www.senturkdundar.av.tr\/bg\/wp-json\/wp\/v2\/types\/page"}],"author":[{"embeddable":true,"href":"https:\/\/www.senturkdundar.av.tr\/bg\/wp-json\/wp\/v2\/users\/1"}],"replies":[{"embeddable":true,"href":"https:\/\/www.senturkdundar.av.tr\/bg\/wp-json\/wp\/v2\/comments?post=1421"}],"version-history":[{"count":2,"href":"https:\/\/www.senturkdundar.av.tr\/bg\/wp-json\/wp\/v2\/pages\/1421\/revisions"}],"predecessor-version":[{"id":1582,"href":"https:\/\/www.senturkdundar.av.tr\/bg\/wp-json\/wp\/v2\/pages\/1421\/revisions\/1582"}],"wp:attachment":[{"href":"https:\/\/www.senturkdundar.av.tr\/bg\/wp-json\/wp\/v2\/media?parent=1421"}],"curies":[{"name":"wp","href":"https:\/\/api.w.org\/{rel}","templated":true}]}}