{"id":334,"date":"2018-11-18T09:56:26","date_gmt":"2018-11-18T09:56:26","guid":{"rendered":"http:\/\/pluginspoint.com\/ciray\/?page_id=334"},"modified":"2020-11-13T12:23:39","modified_gmt":"2020-11-13T09:23:39","slug":"hakkimizda","status":"publish","type":"page","link":"https:\/\/www.senturkdundar.av.tr\/bg\/hakkimizda\/","title":{"rendered":"Hakk\u0131m\u0131zda"},"content":{"rendered":"<p>[vc_row css=&#8220;.vc_custom_1605117336228{padding-top: 75px !important;padding-bottom: 0px !important;}&#8220;][vc_column width=&#8220;1\/2&#8243;]\n    <div class=\"section-title \">\n      <div class=\"section-thumb\"><img src=\"https:\/\/www.senturkdundar.av.tr\/wp-content\/uploads\/2018\/11\/title-icon-1.png\" alt=\"title icon\"><\/div>\n      <div class=\"section-body\">\n        <h6 class=\"sub-title activeColor\">\u015eent\u00fcrk &amp; D\u00fcndar Avukatl\u0131k B\u00fcrosu<\/h6>\n        <h3 class=\"m-0 main-title\">Hakk\u0131m\u0131zda<\/h3>\n      <\/div>\n    <\/div>\n\n[vc_column_text css=&#8220;.vc_custom_1605258920988{margin-bottom: 0px !important;}&#8220;]Ocak 2002\u2019de Avukat \u015e.Koray \u015eENT\u00dcRK taraf\u0131ndan L\u00fcleleburgaz\u2019da kurulan b\u00fcromuz, Haziran 2006\u2019da Avukat Murat D\u00dcNDAR\u2019\u0131n ortak kat\u0131l\u0131m\u0131yla \u015eent\u00fcrk&amp;D\u00fcndar Avukatl\u0131k B\u00fcrosu ad\u0131n\u0131 alm\u0131\u015ft\u0131r, Daha sonra aram\u0131za Av.M\u00fcm\u00fcn Ne\u015feto\u011flu ve Av.Saniye S\u00f6nmez\u2019in kat\u0131l\u0131m\u0131\u015ft\u0131r.<\/p>\n<p>Avukatl\u0131k ve Hukuk Dan\u0131\u015fmanl\u0131\u011f\u0131 alan\u0131nda her t\u00fcrl\u00fc hukuki mesele ve anla\u015fmazl\u0131klar\u0131n adalet ve hakkaniyete uygun \u00e7\u00f6z\u00fcmlenmesi, hukuk kurallar\u0131n\u0131n tam olarak uygulanmas\u0131n\u0131 her derecede yarg\u0131 ve ki\u015fi ve kurumlar nezdinde sa\u011flamak \u00fczere hizmet vermeye devam etmekteyiz.<\/p>\n<p>B\u00fcromuz tecr\u00fcbeli ve alan\u0131nda uzman avukatlar ile motivasyonu y\u00fcksek, azimli gen\u00e7 avukatlar\u0131n birlikte g\u00f6rev ald\u0131\u011f\u0131 \u00fcretken bir \u00e7al\u0131\u015fma ortam\u0131na sahip olman\u0131n avantaj\u0131 ile meslek kurallar\u0131nda \u00f6d\u00fcn vermeden hizmet vermeyi s\u00fcrd\u00fcrmekte.<\/p>\n<p>Ayr\u0131ca b\u00fcromuz \u00e7ok say\u0131da stajyer avukata birikimlerini aktarma g\u00f6revini yerine getirmenin hakl\u0131 gururunu ya\u015famaktad\u0131r.[\/vc_column_text][\/vc_column][vc_column css_animation=&#8220;fadeInUp&#8220; width=&#8220;1\/2&#8243; el_class=&#8220;about-faq&#8220;][vc_row_inner][vc_column_inner][vc_single_image image=&#8220;1306&#8243; img_size=&#8220;full&#8220; style=&#8220;vc_box_rounded&#8220;][\/vc_column_inner][\/vc_row_inner][vc_column_text css=&#8220;.vc_custom_1605258924769{margin-bottom: 0px !important;}&#8220;]Kuruldu\u011fumuz g\u00fcnden beri toplam da 5 Ulusal Bankan\u0131n ve ba\u011fl\u0131 Finans Kurulu\u015flar\u0131n\u0131n, yine yerel olarak sekt\u00f6r\u00fcnde \u00f6nc\u00fc \u015firketlerin ve tabii ki bir \u00e7ok bireysel m\u00fcvekkilimizin vekilli\u011fini s\u00fcrd\u00fcrmekteyiz.<\/p>\n<p>4 Avukat, 9 Destek Eleman\u0131 ve b\u00fct\u00fcn teknolojik altyap\u0131sn\u0131 tamamlam\u0131\u015f modern bir ofis ile m\u00fcvekkilerimize hizmet vermekle mutlu, ula\u015ft\u0131\u011f\u0131m\u0131z noktayla gururluyuz\u2026[\/vc_column_text][\/vc_column][\/vc_row][vc_row css=&#8220;.vc_custom_1605117358542{padding-top: 75px !important;padding-bottom: 65px !important;}&#8220;][vc_column]\n    <div class=\"section-title \">\n      <div class=\"section-thumb\"><img src=\"https:\/\/www.senturkdundar.av.tr\/wp-content\/uploads\/2018\/11\/title-icon-1.png\" alt=\"title icon\"><\/div>\n      <div class=\"section-body\">\n        <h6 class=\"sub-title activeColor\">\u015eent\u00fcrk &amp; D\u00fcndar Avukatl\u0131k B\u00fcrosu<\/h6>\n        <h3 class=\"m-0 main-title\">\u00c7al\u0131\u015fma Alanlar\u0131m\u0131z<\/h3>\n      <\/div>\n    <\/div>\n\n[vc_row_inner css=&#8220;.vc_custom_1544253842356{padding-top: 7px !important;}&#8220;][vc_column_inner width=&#8220;1\/2&#8243;]\n    <div class=\"media\">\n            <div class=\"company-icon\">\n        <i class=\"ciray-icon flaticon-reward\"><\/i>\n      <\/div>\n            <div class=\"media-body\">\n        <div>\n          <h6 class=\"mb-1 sub-title\">\u0130cra & \u0130flas Hukuku<\/h6>\n          <p class=\"m-0\">\u0130cra ve iflas hukuku, bir hukuk dal\u0131d\u0131r. ... \u0130cra ve iflas hukuku, borcunu \u00f6demeyen bor\u00e7lunun borcunun, alacakl\u0131n\u0131n talebi \u00fczerine nas\u0131l kar\u015f\u0131lanaca\u011f\u0131n\u0131 konu al\u0131r.<\/p>\n        <\/div>\n      <\/div>\n    <\/div>\n    \n  \n  \n    <div class=\"media\">\n            <div class=\"company-icon\">\n        <i class=\"ciray-icon flaticon-reward\"><\/i>\n      <\/div>\n            <div class=\"media-body\">\n        <div>\n          <h6 class=\"mb-1 sub-title\">Aile Hukuku<\/h6>\n          <p class=\"m-0\">Aile hukuku, aileye ili\u015fkin konularla ilgilenen, medeni hukukun kapsam\u0131 i\u00e7inde yer alan bir hukuk dal\u0131d\u0131r. Kay\u0131tl\u0131 ya da kay\u0131ts\u0131z ya\u015fam arkada\u015fl\u0131klar\u0131 da aile hukukunun konusu i\u00e7inde yer al\u0131r.<\/p>\n        <\/div>\n      <\/div>\n    <\/div>\n    \n  \n  \n    <div class=\"media\">\n            <div class=\"company-icon\">\n        <i class=\"ciray-icon flaticon-reward\"><\/i>\n      <\/div>\n            <div class=\"media-body\">\n        <div>\n          <h6 class=\"mb-1 sub-title\">Miras Hukuku<\/h6>\n          <p class=\"m-0\">Miras hukuku, insanlar\u0131n \u00f6l\u00fcmlerinden sonra mallar\u0131 \u00fczerinde yapmak istedikleri \u00f6l\u00fcme ba\u011fl\u0131 tasarruflar\u0131 ve \u00f6l\u00fcmleri halinde, gaipli\u011fine karar verilmesinden sonra veya \u00f6l\u00fcm karinesinin varl\u0131\u011f\u0131 halinde mirasa konu mallar\u0131n\u0131n (tereke) yasal miras\u00e7\u0131lar ve di\u011fer miras\u00e7\u0131lar aras\u0131nda ne \u015fekilde payla\u015ft\u0131r\u0131laca\u011f\u0131n\u0131, bor\u00e7lar\u0131n\u0131n nas\u0131l ve hangi s\u0131rayla \u00f6denece\u011fini inceleyen bir \u00f6zel hukuk dal\u0131d\u0131r.<\/p>\n        <\/div>\n      <\/div>\n    <\/div>\n    \n  \n  \n    <div class=\"media\">\n            <div class=\"company-icon\">\n        <i class=\"ciray-icon flaticon-reward\"><\/i>\n      <\/div>\n            <div class=\"media-body\">\n        <div>\n          <h6 class=\"mb-1 sub-title\">Bor\u00e7lar Hukuku<\/h6>\n          <p class=\"m-0\">Bor\u00e7lar hukuku bir \u00f6zel hukuk dal\u0131d\u0131r ve e\u015fitler aras\u0131nda meydana gelen ve bor\u00e7 ili\u015fkisi ad\u0131 verilen hukuki ili\u015fkilerin incelendi\u011fi bir disiplindir. Bor\u00e7lar Kanunu \u00f6zel hukukta bor\u00e7lar hukukuna kaynakl\u0131k eder ve bor\u00e7lar hukuku alan\u0131na giren bor\u00e7 ili\u015fkilerini d\u00fczenleyen bir kanundur.<\/p>\n        <\/div>\n      <\/div>\n    <\/div>\n    \n  \n  [\/vc_column_inner][vc_column_inner width=&#8220;1\/2&#8243;]\n    <div class=\"media\">\n            <div class=\"company-icon\">\n        <i class=\"ciray-icon flaticon-reward\"><\/i>\n      <\/div>\n            <div class=\"media-body\">\n        <div>\n          <h6 class=\"mb-1 sub-title\">\u0130\u015f Hukuku<\/h6>\n          <p class=\"m-0\">\u0130\u015f Hukuku, i\u015f\u00e7i haklar\u0131, \u00e7al\u0131\u015fma ko\u015fullar\u0131, i\u015f\u00e7i \u00fccretleri, i\u015f\u00e7i sendikalar\u0131, i\u015f\u00e7i ve i\u015fveren aras\u0131ndaki ili\u015fkiyi d\u00fczenleyen ve inceleyen bir hukuk dal\u0131 olarak tan\u0131mland\u0131r\u0131lmaktad\u0131r.<\/p>\n        <\/div>\n      <\/div>\n    <\/div>\n    \n  \n  \n    <div class=\"media\">\n            <div class=\"company-icon\">\n        <i class=\"ciray-icon flaticon-reward\"><\/i>\n      <\/div>\n            <div class=\"media-body\">\n        <div>\n          <h6 class=\"mb-1 sub-title\">Ceza Hukuku<\/h6>\n          <p class=\"m-0\">Ceza hukuku, su\u00e7 ve ceza kavramlar\u0131n\u0131 inceleyen kamu hukuku b\u00f6l\u00fcm\u00fcd\u00fcr. Genel ve \u00f6zel ceza hukuku olarak ikiye ayr\u0131l\u0131r (ceza genel ve ceza \u00f6zel olarak da ifade edilmektedir).<\/p>\n        <\/div>\n      <\/div>\n    <\/div>\n    \n  \n  \n    <div class=\"media\">\n            <div class=\"company-icon\">\n        <i class=\"ciray-icon flaticon-reward\"><\/i>\n      <\/div>\n            <div class=\"media-body\">\n        <div>\n          <h6 class=\"mb-1 sub-title\">E\u015fya Hukuku<\/h6>\n          <p class=\"m-0\">E\u015fya hukuku, Medeni Hukuk dal\u0131d\u0131r ve Medeni Kanun&#039;un 4. kitab\u0131nda genel olarak d\u00fczenlenmi\u015ftir.. Ki\u015filerin e\u015fya \u00fczerindeki mutlak haklar\u0131n\u0131 (ayni haklar) d\u00fczenler. E\u015fya, ba\u011f\u0131ms\u0131z nesne olarak maddi bir varl\u0131kt\u0131r. M\u00fclkiyet hakk\u0131 e\u015fya \u00fczerinde en geni\u015f ve s\u0131n\u0131rs\u0131z ayni hakt\u0131r. S\u0131n\u0131rl\u0131 ayni haklar ise irtifak hakk\u0131, rehin hakk\u0131, ta\u015f\u0131nmaz y\u00fck\u00fcnden do\u011fan hak&#039;t\u0131r.<\/p>\n        <\/div>\n      <\/div>\n    <\/div>\n    \n  \n  \n    <div class=\"media\">\n            <div class=\"company-icon\">\n        <i class=\"ciray-icon flaticon-reward\"><\/i>\n      <\/div>\n            <div class=\"media-body\">\n        <div>\n          <h6 class=\"mb-1 sub-title\">Ticaret Hukuku<\/h6>\n          <p class=\"m-0\">Ticaret hukuku, hukukun, ticaretle ili\u015fkili t\u00fcm mevzuat\u0131 kapsayan bir alt dal\u0131d\u0131r. \u0130\u015fletmeler, tacirler, bireyler aras\u0131ndaki ticari ili\u015fkileri, al\u0131\u015fveri\u015fi ve taraflar\u0131n haklar\u0131n\u0131 d\u00fczenler.<\/p>\n        <\/div>\n      <\/div>\n    <\/div>\n    \n  \n  [\/vc_column_inner][\/vc_row_inner][vc_separator css_animation=&#8220;fadeInUp&#8220; css=&#8220;.vc_custom_1544864291956{margin-top: 10px !important;margin-bottom: 10px !important;}&#8220;][vc_row_inner el_class=&#8220;work-counter&#8220;][vc_column_inner width=&#8220;1\/2&#8243;]\n<div class=\"single-counter\">\n  <div class=\"content\">\n    <h2 class=\"counter counter-up\">19<\/h2>\n    <h5 class=\"m-0\">Y\u0131ll\u0131k<\/h5>\n    <h5 class=\"m-0 activeColor\">Deneyim<\/h5>\n  <\/div>\n<\/div>\n\n[\/vc_column_inner][vc_column_inner width=&#8220;1\/2&#8243;]\n<div class=\"single-counter\">\n  <div class=\"content\">\n    <h2 class=\"counter counter-up\">13<\/h2>\n    <h5 class=\"m-0\">\u00c7al\u0131\u015fan<\/h5>\n    <h5 class=\"m-0 activeColor\">Profesyonel<\/h5>\n  <\/div>\n<\/div>\n\n[\/vc_column_inner][\/vc_row_inner][\/vc_column][\/vc_row]<\/p>\n","protected":false},"excerpt":{"rendered":"<p>[vc_row css=&#8220;.vc_custom_1605117336228{padding-top: 75px !important;padding-bottom: 0px !important;}&#8220;][vc_column width=&#8220;1\/2&#8243;][vc_column_text css=&#8220;.vc_custom_1605258920988{margin-bottom: 0px !important;}&#8220;]Ocak 2002\u2019de Avukat \u015e.Koray \u015eENT\u00dcRK taraf\u0131ndan L\u00fcleleburgaz\u2019da kurulan b\u00fcromuz, Haziran 2006\u2019da Avukat Murat D\u00dcNDAR\u2019\u0131n ortak kat\u0131l\u0131m\u0131yla \u015eent\u00fcrk&amp;D\u00fcndar Avukatl\u0131k B\u00fcrosu ad\u0131n\u0131 alm\u0131\u015ft\u0131r, Daha sonra aram\u0131za Av.M\u00fcm\u00fcn Ne\u015feto\u011flu ve Av.Saniye S\u00f6nmez\u2019in kat\u0131l\u0131m\u0131\u015ft\u0131r. Avukatl\u0131k ve Hukuk Dan\u0131\u015fmanl\u0131\u011f\u0131 alan\u0131nda her t\u00fcrl\u00fc hukuki mesele ve anla\u015fmazl\u0131klar\u0131n adalet ve hakkaniyete uygun \u00e7\u00f6z\u00fcmlenmesi, [&hellip;]<\/p>\n","protected":false},"author":1,"featured_media":0,"parent":0,"menu_order":0,"comment_status":"closed","ping_status":"closed","template":"page-template\/blank-page-sidebar.php","meta":[],"_links":{"self":[{"href":"https:\/\/www.senturkdundar.av.tr\/bg\/wp-json\/wp\/v2\/pages\/334"}],"collection":[{"href":"https:\/\/www.senturkdundar.av.tr\/bg\/wp-json\/wp\/v2\/pages"}],"about":[{"href":"https:\/\/www.senturkdundar.av.tr\/bg\/wp-json\/wp\/v2\/types\/page"}],"author":[{"embeddable":true,"href":"https:\/\/www.senturkdundar.av.tr\/bg\/wp-json\/wp\/v2\/users\/1"}],"replies":[{"embeddable":true,"href":"https:\/\/www.senturkdundar.av.tr\/bg\/wp-json\/wp\/v2\/comments?post=334"}],"version-history":[{"count":39,"href":"https:\/\/www.senturkdundar.av.tr\/bg\/wp-json\/wp\/v2\/pages\/334\/revisions"}],"predecessor-version":[{"id":1522,"href":"https:\/\/www.senturkdundar.av.tr\/bg\/wp-json\/wp\/v2\/pages\/334\/revisions\/1522"}],"wp:attachment":[{"href":"https:\/\/www.senturkdundar.av.tr\/bg\/wp-json\/wp\/v2\/media?parent=334"}],"curies":[{"name":"wp","href":"https:\/\/api.w.org\/{rel}","templated":true}]}}