{"id":397,"date":"2018-11-24T04:20:01","date_gmt":"2018-11-24T01:20:01","guid":{"rendered":"http:\/\/pluginspoint.com\/ciray\/?page_id=397"},"modified":"2021-05-18T08:09:09","modified_gmt":"2021-05-18T05:09:09","slug":"ekibimiz","status":"publish","type":"page","link":"https:\/\/www.senturkdundar.av.tr\/bg\/ekibimiz\/","title":{"rendered":"Avukatlar\u0131m\u0131z"},"content":{"rendered":"<p>[vc_row][vc_column]<div id=\"awsm-team-1655\" class=\"awsm-grid-wrapper\">\n\t\n\t<div class=\"awsm-modal\">\n\t\t\t<div class=\"awsm-grid-modal awsm-grid modal-style style-1 grid-4-col \">\n\t\t\t\t\t\t<div id=\"awsm-member-1655-1654\" class=\"awsm-grid-card awsm-team-item awsm-scale-anm awsm-all\">\n\t\t\t\t\t<span id=\"tigger-style-1655-1654\" class=\"awsm-team-link-control awsm-modal-trigger awsm-modal-trigger-1654\" data-trigger=\"#modal-style-1655-1654\">\n\t\t\t\t\t\t<figure>\n\t\t\t\t\t\t\t<img width=\"350\" height=\"350\" src=\"https:\/\/www.senturkdundar.av.tr\/wp-content\/uploads\/2020\/11\/koraybey.jpg\" class=\"attachment-awsm_team size-awsm_team wp-post-image\" alt=\"\" loading=\"lazy\" \/>\t\t\t\t\t\t\t<figcaption>\n\t\t\t\t\t\t\t\t<div class=\"awsm-personal-info\">\n\t\t\t\t\t\t\t\t\t<span>Kurucu Ortak<\/span>\t\t\t\t\t\t\t\t\t<h3>Av. Koray \u015eENT\u00dcRK<\/h3>\n\t\t\t\t\t\t\t\t<\/div>\n\t\t\t\t\t\t\t<\/figcaption>\n\t\t\t\t\t\t<\/figure>\n\t\t\t\t\t<\/span>\n\t\t\t\t<\/div>\n\t\t\t\t\t\t\t<div id=\"awsm-member-1655-1657\" class=\"awsm-grid-card awsm-team-item awsm-scale-anm awsm-all\">\n\t\t\t\t\t<span id=\"tigger-style-1655-1657\" class=\"awsm-team-link-control awsm-modal-trigger awsm-modal-trigger-1657\" data-trigger=\"#modal-style-1655-1657\">\n\t\t\t\t\t\t<figure>\n\t\t\t\t\t\t\t<img width=\"350\" height=\"350\" src=\"https:\/\/www.senturkdundar.av.tr\/wp-content\/uploads\/2019\/08\/murat-bey.jpg\" class=\"attachment-awsm_team size-awsm_team wp-post-image\" alt=\"\" loading=\"lazy\" \/>\t\t\t\t\t\t\t<figcaption>\n\t\t\t\t\t\t\t\t<div class=\"awsm-personal-info\">\n\t\t\t\t\t\t\t\t\t<span>Ortak<\/span>\t\t\t\t\t\t\t\t\t<h3>Av. Murat D\u00dcNDAR<\/h3>\n\t\t\t\t\t\t\t\t<\/div>\n\t\t\t\t\t\t\t<\/figcaption>\n\t\t\t\t\t\t<\/figure>\n\t\t\t\t\t<\/span>\n\t\t\t\t<\/div>\n\t\t\t\t\t\t\t<div id=\"awsm-member-1655-1658\" class=\"awsm-grid-card awsm-team-item awsm-scale-anm awsm-all\">\n\t\t\t\t\t<span id=\"tigger-style-1655-1658\" class=\"awsm-team-link-control awsm-modal-trigger awsm-modal-trigger-1658\" data-trigger=\"#modal-style-1655-1658\">\n\t\t\t\t\t\t<figure>\n\t\t\t\t\t\t\t<img width=\"350\" height=\"350\" src=\"https:\/\/www.senturkdundar.av.tr\/wp-content\/uploads\/2019\/08\/mumun.jpg\" class=\"attachment-awsm_team size-awsm_team wp-post-image\" alt=\"\" loading=\"lazy\" \/>\t\t\t\t\t\t\t<figcaption>\n\t\t\t\t\t\t\t\t<div class=\"awsm-personal-info\">\n\t\t\t\t\t\t\t\t\t<span>Ortak<\/span>\t\t\t\t\t\t\t\t\t<h3>Av. M\u00fcm\u00fcn NE\u015eETO\u011eLU<\/h3>\n\t\t\t\t\t\t\t\t<\/div>\n\t\t\t\t\t\t\t<\/figcaption>\n\t\t\t\t\t\t<\/figure>\n\t\t\t\t\t<\/span>\n\t\t\t\t<\/div>\n\t\t\t\t\t\t\t<div id=\"awsm-member-1655-1659\" class=\"awsm-grid-card awsm-team-item awsm-scale-anm awsm-all\">\n\t\t\t\t\t<span id=\"tigger-style-1655-1659\" class=\"awsm-team-link-control awsm-modal-trigger awsm-modal-trigger-1659\" data-trigger=\"#modal-style-1655-1659\">\n\t\t\t\t\t\t<figure>\n\t\t\t\t\t\t\t<img width=\"350\" height=\"350\" src=\"https:\/\/www.senturkdundar.av.tr\/wp-content\/uploads\/2020\/11\/saniye.jpg\" class=\"attachment-awsm_team size-awsm_team wp-post-image\" alt=\"\" loading=\"lazy\" \/>\t\t\t\t\t\t\t<figcaption>\n\t\t\t\t\t\t\t\t<div class=\"awsm-personal-info\">\n\t\t\t\t\t\t\t\t\t<span>Avukat<\/span>\t\t\t\t\t\t\t\t\t<h3>Av. Saniye S\u00d6NMEZ<\/h3>\n\t\t\t\t\t\t\t\t<\/div>\n\t\t\t\t\t\t\t<\/figcaption>\n\t\t\t\t\t\t<\/figure>\n\t\t\t\t\t<\/span>\n\t\t\t\t<\/div>\n\t\t\t\t\t<\/div>\n\t\t<div class=\"awsm-modal-items modal-style style-1 grid-4-col \">\n\t\t\t<span class=\"awsm-team-link-control awsm-modal-close\"><\/span>\n\t\t\t<div class=\"awsm-modal-items-main\">\n\t\t\t\t<span class=\"awsm-team-link-control awsm-nav-item awsm-nav-left\"><\/span>\n\t\t\t\t\t<div id=\"modal-style-1655-1654\" class=\"awsm-modal-item awsm-scale-anm awsm-modal-hidden awsm-all \" data-info=\"1654\">\n\t<div id=\"awsm-member-info-1655-1654\" class=\"awsm-modal-content\">\n\t\t<div class=\"awsm-modal-content-main\">\n\t\t\t<div class=\"awsm-image-main\">\n\t\t\t\t<img width=\"350\" height=\"350\" src=\"https:\/\/www.senturkdundar.av.tr\/wp-content\/uploads\/2020\/11\/koraybey.jpg\" class=\"attachment-awsm_team size-awsm_team wp-post-image\" alt=\"\" loading=\"lazy\" \/><br><br>\n\t\t\t<div class=\"awsm-modal-details\">\n\t\t\t\t<div class=\"awsm-modal-content-inner\">\n\t\t\t\t<div class=\"awsm-social-icons\"><span><a href=\"https:\/\/www.facebook.com\/sksenturk\" target=\"_blank\"><i class=\"awsm-icon-facebook2\" aria-hidden=\"true\"><\/i><\/a><\/span><span><a href=\"https:\/\/twitter.com\/sksenturk\" target=\"_blank\"><i class=\"awsm-icon-twitter\" aria-hidden=\"true\"><\/i><\/a><\/span><span><a href=\"https:\/\/tr.linkedin.com\/in\/koray-senturk-11031842\" target=\"_blank\"><i class=\"awsm-icon-linkedin2\" aria-hidden=\"true\"><\/i><\/a><\/span><\/div>\t\t\t\t<\/div>\n \t\t\t<\/div>\n\t\t\t<\/div>\n\t\t\t<div class=\"awsm-modal-details\">\n\t\t\t\t<div class=\"awsm-modal-content-inner\">\n\t\t\t\t\t<h3>Kurucu Ortak<\/h3><h2>Av. Koray \u015eENT\u00dcRK<\/h2>\n<p><strong>E\u011e\u0130T\u0130M;<\/strong><\/p>\n\n\n\n<p>\u0130stanbul \u00dcniversitesi Hukuk Fak\u00fcltesi (1986-1990)<br>Hesser College,New Hampshire (1991)<br>\u0130stanbul \u00dcniversitesi \u0130\u015fletme \u0130ktisadi Enstit\u00fcs\u00fc (1991-1992)<br>\u0130stanbul \u00dcniversitesi Sosyal Bilimler Enstit\u00fcs\u00fc (1994-1997)<br>\u0130stanbul \u00dcniversitesi \u0130ktisat Fak\u00fcltesi \u0130\u015fetme Y\u00f6ntemi ve Muhasebe Ara\u015ft\u0131rma Merkezi (1992)<br>CMK Temel E\u011fitim Sertifikas\u0131(Nisan 2007)<br>Avrupa \u0130nsan Haklar\u0131 S\u00f6zle\u015fmesi Sertifikas\u0131 (\u015eubat 2008)<\/p>\n\n\n\n<p><strong>MESLEK:<\/strong><\/p>\n\n\n\n<p>Avukatl\u0131k Ruhsat Tarihi: 26\/11\/1992 K\u0131rklareli Barosu<br>Aile \u015eirketlerinde Y\u00f6neticilik,\u0130dari Ve Hukuki Dan\u0131\u015fmanl\u0131k (1992-2001)<br>Serbest Avukatl\u0131k (Ocak 2002\u2019den beri)<\/p>\n\n\n\n<p><strong>G\u00d6REV ALDI\u011eI KURUM VE CEM\u0130YETLER:<\/strong><\/p>\n\n\n\n<p>L\u00fcleburgaz Belediyesi Meclis \u00dcyeli\u011fi (2 D\u00f6nem )<br>L\u00fcleburgaz Belediyesi Enc\u00fcmen \u00dcyeli\u011fi (6 D\u00f6nem)<br>K\u0131rklareli Barosu Y\u00f6netim Kurulu \u00dcyeli\u011fi ( 2 D\u00f6nem )<br>L\u00fcleburgazspor Y\u00f6netim Kurulu \u00dcyeli\u011fi (5 D\u00f6nem )<br>L\u00fcleburgaz Fenerbah\u00e7eliler Derne\u011fi Ba\u015fkanl\u0131\u011f\u0131 (2 D\u00f6nem)<\/p>\n\t\t\t\t<\/div>\n\t\t\t<\/div>\n\t\t<\/div>\n\t<\/div>\n<\/div>\n<div id=\"modal-style-1655-1657\" class=\"awsm-modal-item awsm-scale-anm awsm-modal-hidden awsm-all \" data-info=\"1657\">\n\t<div id=\"awsm-member-info-1655-1657\" class=\"awsm-modal-content\">\n\t\t<div class=\"awsm-modal-content-main\">\n\t\t\t<div class=\"awsm-image-main\">\n\t\t\t\t<img width=\"350\" height=\"350\" src=\"https:\/\/www.senturkdundar.av.tr\/wp-content\/uploads\/2019\/08\/murat-bey.jpg\" class=\"attachment-awsm_team size-awsm_team wp-post-image\" alt=\"\" loading=\"lazy\" \/><br><br>\n\t\t\t<div class=\"awsm-modal-details\">\n\t\t\t\t<div class=\"awsm-modal-content-inner\">\n\t\t\t\t\t\t\t\t<\/div>\n \t\t\t<\/div>\n\t\t\t<\/div>\n\t\t\t<div class=\"awsm-modal-details\">\n\t\t\t\t<div class=\"awsm-modal-content-inner\">\n\t\t\t\t\t<h3>Ortak<\/h3><h2>Av. Murat D\u00dcNDAR<\/h2>\n<p><strong>E\u011e\u0130T\u0130M:<\/strong><\/p>\n\n\n\n<p>3 Y\u0131l Aral\u0131ks\u0131z \u0130ngilizce Dil E\u011fitimi (1990-1992)<br>Bilgisayar E\u011fitim Sertifikas\u0131 (1992)<br>L\u00fcleburgaz Lisesi Mezuniyeti (1995)<br>Marmara \u00dcniversitesi Hakuk Fak\u00fcltesi Mezuniyeti (2004)<br>CMK Temel E\u011fitim Sertifikas\u0131 (2005)<br>\u0130\u015f Sa\u011fl\u0131\u011f\u0131 ve G\u00fcvenli\u011fi Uzmanl\u0131\u011f\u0131 C S\u0131n\u0131f\u0131 Sertifikas\u0131 (2016 )<\/p>\n\n\n\n<p><strong>MESLEK:<\/strong><\/p>\n\n\n\n<p>\u0130stanbul Om Mimar M\u00fchendislik (2003)<br>\u015eent\u00fcrk &amp; D\u00fcndar Avukatl\u0131k B\u00fcrosu(2006- )<\/p>\n\n\n\n<p><strong>G\u00d6REV ALINAN KURUMLAR:<\/strong><\/p>\n\n\n\n<p>K\u0131rklareli Barosu Y\u00f6netim Kurulu \u00dcyesi(2010 -2012 )<br>K\u0131rklareli Barosu Staj ve E\u011fitim Komisyonu Ba\u015fkanl\u0131\u011f\u0131 ( 2010 \u2013 2012 )<\/p>\n\t\t\t\t<\/div>\n\t\t\t<\/div>\n\t\t<\/div>\n\t<\/div>\n<\/div>\n<div id=\"modal-style-1655-1658\" class=\"awsm-modal-item awsm-scale-anm awsm-modal-hidden awsm-all \" data-info=\"1658\">\n\t<div id=\"awsm-member-info-1655-1658\" class=\"awsm-modal-content\">\n\t\t<div class=\"awsm-modal-content-main\">\n\t\t\t<div class=\"awsm-image-main\">\n\t\t\t\t<img width=\"350\" height=\"350\" src=\"https:\/\/www.senturkdundar.av.tr\/wp-content\/uploads\/2019\/08\/mumun.jpg\" class=\"attachment-awsm_team size-awsm_team wp-post-image\" alt=\"\" loading=\"lazy\" \/><br><br>\n\t\t\t<div class=\"awsm-modal-details\">\n\t\t\t\t<div class=\"awsm-modal-content-inner\">\n\t\t\t\t\t\t\t\t<\/div>\n \t\t\t<\/div>\n\t\t\t<\/div>\n\t\t\t<div class=\"awsm-modal-details\">\n\t\t\t\t<div class=\"awsm-modal-content-inner\">\n\t\t\t\t\t<h3>Ortak<\/h3><h2>Av. M\u00fcm\u00fcn NE\u015eETO\u011eLU<\/h2>\n<p>1991 y\u0131l\u0131nda K\u0131rcaali\u2019de do\u011fmu\u015ftur.<\/p>\n\n\n\n<p>Lise \u00f6\u011frenimini L\u00fcleburgaz Lisesi\u2019nde tamamlad\u0131ktan sonra Sel\u00e7uk \u00dcniversitesi Hukuk Fak\u00fcltesi\u2019nde lisans \u00f6\u011frenimine ba\u015flam\u0131\u015ft\u0131r.<\/p>\n\n\n\n<p>Lisans e\u011fitimi s\u0131ras\u0131nda iki kez \u2018\u2018Onur \u00d6\u011frencisi\u2019\u2019 olmu\u015f ve daha sonra \u2018\u2018\u00dcst\u00fcn Ba\u015far\u0131 Belgesi\u2019\u2019 elde ederek derece ile lisans e\u011fitimini tamamlam\u0131\u015ft\u0131r.<\/p>\n\n\n\n<p>Askerlik hizmetini yedek subay olarak yerine getirmi\u015f,bu hizmeti s\u0131ras\u0131nda askerlik \u015fubesi ba\u015fkanl\u0131\u011f\u0131 ve g\u00fcvenlik subayl\u0131\u011f\u0131 g\u00f6revlerini icra etmi\u015ftir.<\/p>\n\n\n\n<p>Avukatl\u0131k staj\u0131n\u0131 da K\u0131rklareli Barosu\u2019na ba\u011fl\u0131 olarak ofisimiz nezdinde ger\u00e7ekle\u015ftirmi\u015f ve 13.08.2014 tarihinde Avukatl\u0131k Ruhsatnamesi\u2019ni alm\u0131\u015ft\u0131r.<\/p>\n\n\n\n<p>\u0130cra-\u0130flas Hukuku,Aile ve Bo\u015fanma Hukuku,\u0130\u015f Hukuku,Gayrimenkul Hukuku,Bor\u00e7lar Hukuku,Ticaret Hukuku ve Ceza Hukuku alanlar\u0131nda yo\u011funla\u015fmaktad\u0131r.<\/p>\n\n\n\n<p>Yabanc\u0131 dili \u0130ngilizce\u2019dir.<\/p>\n\n\n\n<p><strong>E\u011e\u0130T\u0130M:<\/strong><\/p>\n\n\n\n<p>Sel\u00e7uk \u00dcniversitesi Hukuk Fak\u00fcltesi(2009-2013)<\/p>\n\n\n\n<p>Sel\u00e7uk \u00dcniversitesi Hukuk Fak\u00fcltesi Onur Belgesi(Haziran 2012)<\/p>\n\n\n\n<p>Sel\u00e7uk \u00dcniversitesi Hukuk Fak\u00fcltesi \u00dcst\u00fcn Ba\u015far\u0131 Belgesi(Haziran 2013)<\/p>\n\n\n\n<p>T\u00fcrkiye Barolar Birli\u011fi Staj E\u011fitimi(Nisan 2014)<\/p>\n\n\n\n<p>CMK Uygulamalar\u0131 ve \u0130stinaf E\u011fitimi(May\u0131s 2016)<\/p>\n\n\n\n<p>\u0130\u015f Sa\u011fl\u0131\u011f\u0131 ve G\u00fcvenli\u011fi Belgesi(Aral\u0131k 2016)<\/p>\n\n\n\n<p>Uzla\u015ft\u0131rmac\u0131 E\u011fitimi(Kas\u0131m 2017)<\/p>\n\n\n\n<p>Ceza Muhakemesi Kanunu Uygulamalar\u0131 E\u011fitimi(\u015eubat 2018)<\/p>\n\n\n\n<p>Uluslararas\u0131 Koruma ve M\u00fclteci Hukuku E\u011fitimi(Mart 2018)<\/p>\n\n\n\n<p>Arabuluculuk E\u011fitimi(May\u0131s 2019)<\/p>\n\n\n\n<p><strong>MESLEK:<\/strong><\/p>\n\n\n\n<p>Avukatl\u0131k Ruhsat Tarihi:13\/08\/2014<\/p>\n\n\n\n<p>\u015eent\u00fcrk&amp;D\u00fcndar Avukatl\u0131k B\u00fcrosu(A\u011fustos 2014- )<\/p>\n\n\n\n<p><strong>G\u00d6REV ALDI\u011eI KURUM ve CEM\u0130YETLER:<\/strong><\/p>\n\n\n\n<p>K\u0131rklareli Barosu D\u0131\u015f \u0130li\u015fkiler Komisyonu Ba\u015fkanl\u0131\u011f\u0131(1 d\u00f6nem)<\/p>\n\n\n\n<p>BALG\u00d6\u00c7-Trakya Derne\u011fi Y\u00f6netim Kurulu \u00dcyeli\u011fi<\/p>\n\t\t\t\t<\/div>\n\t\t\t<\/div>\n\t\t<\/div>\n\t<\/div>\n<\/div>\n<div id=\"modal-style-1655-1659\" class=\"awsm-modal-item awsm-scale-anm awsm-modal-hidden awsm-all \" data-info=\"1659\">\n\t<div id=\"awsm-member-info-1655-1659\" class=\"awsm-modal-content\">\n\t\t<div class=\"awsm-modal-content-main\">\n\t\t\t<div class=\"awsm-image-main\">\n\t\t\t\t<img width=\"350\" height=\"350\" src=\"https:\/\/www.senturkdundar.av.tr\/wp-content\/uploads\/2020\/11\/saniye.jpg\" class=\"attachment-awsm_team size-awsm_team wp-post-image\" alt=\"\" loading=\"lazy\" \/><br><br>\n\t\t\t<div class=\"awsm-modal-details\">\n\t\t\t\t<div class=\"awsm-modal-content-inner\">\n\t\t\t\t\t\t\t\t<\/div>\n \t\t\t<\/div>\n\t\t\t<\/div>\n\t\t\t<div class=\"awsm-modal-details\">\n\t\t\t\t<div class=\"awsm-modal-content-inner\">\n\t\t\t\t\t<h3>Avukat<\/h3><h2>Av. Saniye S\u00d6NMEZ<\/h2>\n<p>1995 y\u0131l\u0131nda L\u00fcleburgaz\u2019da do\u011fmu\u015ftur.<\/p>\n\n\n\n<p>Lise \u00f6\u011frenimini L\u00fcleburgaz Lisesi\u2019nde tamamlad\u0131ktan sonra Marmara \u00dcniversitesi Hukuk Fak\u00fcltesi\u2019nde lisans \u00f6\u011frenimine ba\u015flam\u0131\u015ft\u0131r.<\/p>\n\n\n\n<p>Lisans e\u011fitimini Onur \u00d6\u011frencisi olarak tamamlam\u0131\u015ft\u0131r.<\/p>\n\n\n\n<p>Avukatl\u0131k staj\u0131n\u0131 da K\u0131rklareli Barosu\u2019na ba\u011fl\u0131 olarak ofisimiz nezdinde ger\u00e7ekle\u015ftirmi\u015ftir.<\/p>\n\n\n\n<p>Yabanc\u0131 dili \u0130ngilizcedir.<\/p>\n\n\n\n<p><strong>E\u011e\u0130T\u0130M:<\/strong><\/p>\n\n\n\n<p>Marmara \u00dcniversitesi Hukuk Fak\u00fcltesi (2013-2017)<\/p>\n\n\n\n<p>Yasal Geli\u015fmeler Kongresi (Aral\u0131k 2015)<\/p>\n\n\n\n<p>Gen\u00e7 Avukatlar Kurultay\u0131 (Kas\u0131m 2017)<\/p>\n\n\n\n<p>CMK Temel E\u011fitim Sertifikas\u0131 (2017)<\/p>\n\n\n\n<p>Uzla\u015ft\u0131rmac\u0131 E\u011fitimi (Aral\u0131k 2017)<\/p>\n\n\n\n<p>CMK Uygulamalar\u0131 Semineri (\u015eubat 2018)<\/p>\n\n\n\n<p>Uluslararas\u0131 Koruma Ve M\u00fclteci Hukuku E\u011fitimi (Mart 2018)<\/p>\n\n\n\n<p>Stajyer Avukatlar T\u00fcrkiye Kurgusal Duru\u015fma Yar\u0131\u015fmas\u0131 (May\u0131s 2018)<\/p>\n\n\n\n<p>T\u00fcrkiye Barolar Birli\u011fi Staj E\u011fitimi (Temmuz 2018)<\/p>\n\n\n\n<p>Kat M\u00fclkiyeti Hukuku E\u011fitimi (Kas\u0131m 2019)<\/p>\n\n\n\n<p><strong>MESLEK:<\/strong><\/p>\n\n\n\n<p>Avukatl\u0131k Ruhsat Tarihi: 15\/08\/2018<\/p>\n\n\n\n<p>\u015eent\u00fcrk&amp;D\u00fcndar Avukatl\u0131k B\u00fcrosu (2018- )<\/p>\n\n\n\n<p><strong>G\u00d6REV ALDI\u011eI KURUM ve CEM\u0130YETLER:<\/strong><\/p>\n\n\n\n<p>L\u00dcLEBURGAZ BUL-G\u00d6\u00c7 Derne\u011fi Hukuk \u0130\u015flerinden Sorumlu Ba\u015fkan Yard\u0131mc\u0131l\u0131\u011f\u0131<\/p>\n\t\t\t\t<\/div>\n\t\t\t<\/div>\n\t\t<\/div>\n\t<\/div>\n<\/div>\n\t\t\t\t<span class=\"awsm-team-link-control awsm-nav-item awsm-nav-right\"><\/span>\n\t\t\t   <\/div>\n\t\t<\/div>\n\t\t<\/div>\n<\/div>\n[\/vc_column][\/vc_row]<\/p>\n","protected":false},"excerpt":{"rendered":"<p>[vc_row][vc_column][\/vc_column][\/vc_row]<\/p>\n","protected":false},"author":1,"featured_media":0,"parent":0,"menu_order":0,"comment_status":"closed","ping_status":"closed","template":"page-template\/blank-page-sidebar.php","meta":[],"_links":{"self":[{"href":"https:\/\/www.senturkdundar.av.tr\/bg\/wp-json\/wp\/v2\/pages\/397"}],"collection":[{"href":"https:\/\/www.senturkdundar.av.tr\/bg\/wp-json\/wp\/v2\/pages"}],"about":[{"href":"https:\/\/www.senturkdundar.av.tr\/bg\/wp-json\/wp\/v2\/types\/page"}],"author":[{"embeddable":true,"href":"https:\/\/www.senturkdundar.av.tr\/bg\/wp-json\/wp\/v2\/users\/1"}],"replies":[{"embeddable":true,"href":"https:\/\/www.senturkdundar.av.tr\/bg\/wp-json\/wp\/v2\/comments?post=397"}],"version-history":[{"count":43,"href":"https:\/\/www.senturkdundar.av.tr\/bg\/wp-json\/wp\/v2\/pages\/397\/revisions"}],"predecessor-version":[{"id":1720,"href":"https:\/\/www.senturkdundar.av.tr\/bg\/wp-json\/wp\/v2\/pages\/397\/revisions\/1720"}],"wp:attachment":[{"href":"https:\/\/www.senturkdundar.av.tr\/bg\/wp-json\/wp\/v2\/media?parent=397"}],"curies":[{"name":"wp","href":"https:\/\/api.w.org\/{rel}","templated":true}]}}