{"id":1492,"date":"2020-11-13T10:05:15","date_gmt":"2020-11-13T07:05:15","guid":{"rendered":"http:\/\/www.senturkdundar.av.tr\/?page_id=1492"},"modified":"2020-11-25T11:30:19","modified_gmt":"2020-11-25T08:30:19","slug":"calisma-alanlarimiz","status":"publish","type":"page","link":"https:\/\/www.senturkdundar.av.tr\/de\/calisma-alanlarimiz\/","title":{"rendered":"\u00c7al\u0131\u015fma Alanlar\u0131m\u0131z"},"content":{"rendered":"<p>[vc_row][vc_column]<div class=\"row\">\n\n    \n      <div class=\"col-lg-3  col-md-6\">\n        <div class=\"market-single-items\">\n          <div class=\"market-item-thumb\">\n                          <a href=\"https:\/\/www.senturkdundar.av.tr\/de\/service\/yabancilar-ve-vatandaslik-hukku\/\">\n                <div class=\"img-overlay style-1 activeColor\">\n                  <i class=\"fa fa-link\" aria-hidden=\"true\"><\/i>\n                <\/div>\n                  <img width=\"362\" height=\"262\" src=\"https:\/\/www.senturkdundar.av.tr\/wp-content\/uploads\/2021\/02\/yabancilar-hukuku-362x262.jpg\" class=\"img-fluid wp-post-image\" alt=\"\" loading=\"lazy\" \/>              <\/a>\n                        <\/div>\n          <div class=\"market-item-details\">\n            <a href=\"https:\/\/www.senturkdundar.av.tr\/de\/service\/yabancilar-ve-vatandaslik-hukku\/\">Ausl\u00e4nder Und B\u00fcrgerschaftsrecht<\/a>\n            <p class=\"card-text\">[vc_row][vc_column][vc_column_text] Staatsb\u00fcrgerschaft ist die politische und rechtliche Bindung, die eine Person an den Staat bindet. Ein Ausl\u00e4nder ist eine Person, die sich im Land eines Staates befindet und nicht das Recht hat, die Staatsb\u00fcrgerschaft dieses Staates zu beanspruchen. Als Anwaltskanzlei \u015eent\u00fcrk &amp; D\u00fcndar sind unsere Hauptdienstleistungen in den Bereichen Ausl\u00e4nder- und Staatsb\u00fcrgerschaftsrecht: Beantragung und Befolgung [&hellip;]<\/p>\n          <\/div>\n        <\/div>\n      <\/div>\n\n    \n  \n      <div class=\"col-lg-3  col-md-6\">\n        <div class=\"market-single-items\">\n          <div class=\"market-item-thumb\">\n                          <a href=\"https:\/\/www.senturkdundar.av.tr\/de\/service\/tuketici-hukuku\/\">\n                <div class=\"img-overlay style-1 activeColor\">\n                  <i class=\"fa fa-link\" aria-hidden=\"true\"><\/i>\n                <\/div>\n                  <img width=\"362\" height=\"262\" src=\"https:\/\/www.senturkdundar.av.tr\/wp-content\/uploads\/2020\/11\/tuketici-hukuku-362x262.jpg\" class=\"img-fluid wp-post-image\" alt=\"\" loading=\"lazy\" \/>              <\/a>\n                        <\/div>\n          <div class=\"market-item-details\">\n            <a href=\"https:\/\/www.senturkdundar.av.tr\/de\/service\/tuketici-hukuku\/\">T\u00fcketici Hukuku<\/a>\n            <p class=\"card-text\">[vc_row][vc_column][vc_column_text] T\u00fcketicinin sorunlar\u0131n\u0131n \u00e7\u00f6z\u00fcm\u00fcnde ba\u015fvurulan kaynaklar; T\u00fcketicinin Korunmas\u0131 Hakk\u0131nda Kanun, Bor\u00e7lar Kanunu, Ticaret Kanunu vs ilgili\u00a0 mevzuat.. T\u00fcketici Hakem Heyeti ve T\u00fcketici Mahkemelerinde g\u00f6r\u00fclen ihtilafl\u0131 hususlar\u0131n \u00e7\u00f6z\u00fcm\u00fcnde hizmet vermekteyiz. Cayma hakk\u0131 Mesafeli s\u00f6zle\u015fmeler, Taksitli sat\u0131\u015flar Devre Tatil S\u00f6zle\u015fmesi Paket tur S\u00f6zle\u015fmeleri Kampanyal\u0131 Sat\u0131\u015flar Kap\u0131dan Sat\u0131\u015flar Mesafeli S\u00f6zle\u015fmeler T\u00fcketici Kredileri Kredi Kartlar\u0131 Abonelik S\u00f6zle\u015fmeleri Fiyat Etiketi [&hellip;]<\/p>\n          <\/div>\n        <\/div>\n      <\/div>\n\n    \n  \n      <div class=\"col-lg-3  col-md-6\">\n        <div class=\"market-single-items\">\n          <div class=\"market-item-thumb\">\n                          <a href=\"https:\/\/www.senturkdundar.av.tr\/de\/service\/mietrecht\/\">\n                <div class=\"img-overlay style-1 activeColor\">\n                  <i class=\"fa fa-link\" aria-hidden=\"true\"><\/i>\n                <\/div>\n                  <img width=\"362\" height=\"262\" src=\"https:\/\/www.senturkdundar.av.tr\/wp-content\/uploads\/2020\/11\/kira-hukuku-362x262.jpg\" class=\"img-fluid wp-post-image\" alt=\"\" loading=\"lazy\" \/>              <\/a>\n                        <\/div>\n          <div class=\"market-item-details\">\n            <a href=\"https:\/\/www.senturkdundar.av.tr\/de\/service\/mietrecht\/\">Mietrecht<\/a>\n            <p class=\"card-text\">[vc_row][vc_column][vc_column_text] Das Mietrecht ist in den Artikeln 299 bis 356 von Kapitel 4 des t\u00fcrkischen Obligationenrechts mit der Nummer 6098 geregelt. Ein Mietvertrag ist ein einvernehmlicher und energischer Vertrag, der ein kontinuierliches Schuldenverh\u00e4ltnis zwischen den Parteien herstellt, die der Vermieter verpflichtet, etwas zu nutzen oder mit der Nutzung an den Mieter davon zu profitieren, und [&hellip;]<\/p>\n          <\/div>\n        <\/div>\n      <\/div>\n\n    \n  \n      <div class=\"col-lg-3  col-md-6\">\n        <div class=\"market-single-items\">\n          <div class=\"market-item-thumb\">\n                          <a href=\"https:\/\/www.senturkdundar.av.tr\/de\/service\/ticaret-hukuku\/\">\n                <div class=\"img-overlay style-1 activeColor\">\n                  <i class=\"fa fa-link\" aria-hidden=\"true\"><\/i>\n                <\/div>\n                  <img width=\"362\" height=\"262\" src=\"https:\/\/www.senturkdundar.av.tr\/wp-content\/uploads\/2020\/11\/ticaret-hukuku-1-362x262.jpg\" class=\"img-fluid wp-post-image\" alt=\"\" loading=\"lazy\" \/>              <\/a>\n                        <\/div>\n          <div class=\"market-item-details\">\n            <a href=\"https:\/\/www.senturkdundar.av.tr\/de\/service\/ticaret-hukuku\/\">Handelsrecht<\/a>\n            <p class=\"card-text\">[vc_row][vc_column][vc_column_text] Handel ist eine der \u00e4ltesten Aktivit\u00e4ten des Menschen. Alle Aktivit\u00e4ten in Bezug auf Produktion, Verbrauch und Ver\u00e4nderung werden als Handel bezeichnet. Handelsrecht kann als Rechtszweig definiert werden, der Handelsaktivit\u00e4ten f\u00fcr Produktion, Austausch und Verbrauch regelt. Diese Disziplin, die eine sehr umfassende Rechtseinheit darstellt, dr\u00fcckt auch alle Rechtsvorschriften aus, die alle handelsbezogenen Aktivit\u00e4ten regeln und [&hellip;]<\/p>\n          <\/div>\n        <\/div>\n      <\/div>\n\n    \n  \n      <div class=\"col-lg-3  col-md-6\">\n        <div class=\"market-single-items\">\n          <div class=\"market-item-thumb\">\n                          <a href=\"https:\/\/www.senturkdundar.av.tr\/de\/service\/schuldenrecht\/\">\n                <div class=\"img-overlay style-1 activeColor\">\n                  <i class=\"fa fa-link\" aria-hidden=\"true\"><\/i>\n                <\/div>\n                  <img width=\"362\" height=\"262\" src=\"https:\/\/www.senturkdundar.av.tr\/wp-content\/uploads\/2020\/11\/borclar-hukuku-2-362x262.jpg\" class=\"img-fluid wp-post-image\" alt=\"\" loading=\"lazy\" \/>              <\/a>\n                        <\/div>\n          <div class=\"market-item-details\">\n            <a href=\"https:\/\/www.senturkdundar.av.tr\/de\/service\/schuldenrecht\/\">Schuldenrecht<\/a>\n            <p class=\"card-text\">[vc_row][vc_column][vc_column_text] Das Schuldrecht ist eine der grundlegendsten Rechtsdisziplinen zur Regelung der privaten Schuldenbeziehungen. Das Schuldrecht ist ein dynamischer Rechtszweig. Weil seine Themen Menschen sind, die in einer Gesellschaft leben. Insofern ist das Gesetz der Verpflichtungen ein Rechtszweig, der st\u00e4ndig erneuert und entsprechend den Bed\u00fcrfnissen des t\u00e4glichen Lebens weiterentwickelt wird. Als Anwaltskanzlei \u015eent\u00fcrk &amp; D\u00fcndar bieten [&hellip;]<\/p>\n          <\/div>\n        <\/div>\n      <\/div>\n\n    \n  \n      <div class=\"col-lg-3  col-md-6\">\n        <div class=\"market-single-items\">\n          <div class=\"market-item-thumb\">\n                          <a href=\"https:\/\/www.senturkdundar.av.tr\/de\/service\/miras-hukuku\/\">\n                <div class=\"img-overlay style-1 activeColor\">\n                  <i class=\"fa fa-link\" aria-hidden=\"true\"><\/i>\n                <\/div>\n                  <img width=\"362\" height=\"262\" src=\"https:\/\/www.senturkdundar.av.tr\/wp-content\/uploads\/2019\/08\/miras-hukuku-1-362x262.jpg\" class=\"img-fluid wp-post-image\" alt=\"\" loading=\"lazy\" \/>              <\/a>\n                        <\/div>\n          <div class=\"market-item-details\">\n            <a href=\"https:\/\/www.senturkdundar.av.tr\/de\/service\/miras-hukuku\/\">Erbrecht<\/a>\n            <p class=\"card-text\">[vc_row][vc_column][vc_column_text] Das Erbrecht ist ein Zweig des Privatrechts, der die t\u00f6dlichen Ersparnisse und Todesf\u00e4lle untersucht, die echte Personen nach ihrem Tod auf ihrem Verm\u00f6gen erzielen m\u00f6chten, und wie das Erbrecht im Falle der Todesvermutung zwischen gesetzlichen Erben und anderen Erben aufgeteilt wird oder die Existenz der Vermutung des Todes, wie und in welcher Reihenfolge die [&hellip;]<\/p>\n          <\/div>\n        <\/div>\n      <\/div>\n\n    \n  \n      <div class=\"col-lg-3  col-md-6\">\n        <div class=\"market-single-items\">\n          <div class=\"market-item-thumb\">\n                          <a href=\"https:\/\/www.senturkdundar.av.tr\/de\/service\/is-hukuku\/\">\n                <div class=\"img-overlay style-1 activeColor\">\n                  <i class=\"fa fa-link\" aria-hidden=\"true\"><\/i>\n                <\/div>\n                  <img width=\"362\" height=\"262\" src=\"https:\/\/www.senturkdundar.av.tr\/wp-content\/uploads\/2019\/08\/is-hukuku-1-362x262.jpg\" class=\"img-fluid wp-post-image\" alt=\"\" loading=\"lazy\" \/>              <\/a>\n                        <\/div>\n          <div class=\"market-item-details\">\n            <a href=\"https:\/\/www.senturkdundar.av.tr\/de\/service\/is-hukuku\/\">\u0130\u015f Hukuku<\/a>\n            <p class=\"card-text\">[vc_row][vc_column][vc_column_text]\u0130\u015f ve \u00e7al\u0131\u015fma hayat\u0131n\u0131n\u0131n kurallar\u0131n\u0131 belirleyen hukuk dal\u0131n\u0131 i\u015f hukuku olarak adland\u0131rabiliriz. \u0130\u015f hukukunun en temel amac\u0131 i\u015f\u00e7i haklar\u0131n\u0131n korunmas\u0131d\u0131r.\u0130\u015f hukuku d\u00fczenlemeleri ile i\u015f\u00e7i-i\u015fveren ili\u015fkilerine sistematik bir \u00e7\u00f6z\u00fcm getirilmi\u015ftir. Sosyal g\u00fcvenlik hukuku ise toplumdaki \u015fah\u0131slar\u0131n refah\u0131n\u0131 sa\u011flayan,bu \u015fah\u0131slar a\u00e7\u0131s\u0131ndan meydana gelebilecek risklerin \u00f6n\u00fcne ge\u00e7me ve toplumun gelirlerinin azal\u0131rken giderlerinin artmas\u0131n\u0131 engelleme amac\u0131 ta\u015f\u0131yan hukuk dal\u0131d\u0131r. [&hellip;]<\/p>\n          <\/div>\n        <\/div>\n      <\/div>\n\n    \n  \n      <div class=\"col-lg-3  col-md-6\">\n        <div class=\"market-single-items\">\n          <div class=\"market-item-thumb\">\n                          <a href=\"https:\/\/www.senturkdundar.av.tr\/de\/service\/esya-hukuku\/\">\n                <div class=\"img-overlay style-1 activeColor\">\n                  <i class=\"fa fa-link\" aria-hidden=\"true\"><\/i>\n                <\/div>\n                  <img width=\"362\" height=\"262\" src=\"https:\/\/www.senturkdundar.av.tr\/wp-content\/uploads\/2019\/08\/esya-hukuku-362x262.jpg\" class=\"img-fluid wp-post-image\" alt=\"\" loading=\"lazy\" \/>              <\/a>\n                        <\/div>\n          <div class=\"market-item-details\">\n            <a href=\"https:\/\/www.senturkdundar.av.tr\/de\/service\/esya-hukuku\/\">E\u015fya Hukuku<\/a>\n            <p class=\"card-text\">[vc_row][vc_column][vc_column_text]E\u015fya Hukuku,ki\u015filerin bir e\u015fya \u00fczerindeki hakimiyetlerinin,haklar\u0131n\u0131n ve o e\u015fya hakk\u0131ndaki tasarruflar\u0131n\u0131n \u00f6zellikleri ile \u00e7e\u015fitlerini,onlar\u0131n bu hakimiyet ve tasarruflar\u0131 sebebiyle di\u011fer ki\u015filerle olan ili\u015fkilerini d\u00fczenleyen medeni hukuk dal\u0131d\u0131r. E\u015fya hukuku,T\u00fcrk Medeni Kanunu\u2019nda d\u00fczenlenmi\u015ftir. E\u015fya,ki\u015filerin \u00fczerinde hakimiyet kurabildi\u011fi,ekonomik de\u011feri ve maddi varl\u0131\u011f\u0131 mevcut olabilen maddelere verilen isimdir. Hukuki anlamda e\u015fyan\u0131n \u00f6zellikleri \u015funlard\u0131r: Maddi varl\u0131\u011f\u0131 olmas\u0131, S\u0131n\u0131rlanabilir olmas\u0131, [&hellip;]<\/p>\n          <\/div>\n        <\/div>\n      <\/div>\n\n    \n  \n      <div class=\"col-lg-3  col-md-6\">\n        <div class=\"market-single-items\">\n          <div class=\"market-item-thumb\">\n                          <a href=\"https:\/\/www.senturkdundar.av.tr\/de\/service\/strafrecht\/\">\n                <div class=\"img-overlay style-1 activeColor\">\n                  <i class=\"fa fa-link\" aria-hidden=\"true\"><\/i>\n                <\/div>\n                  <img width=\"362\" height=\"262\" src=\"https:\/\/www.senturkdundar.av.tr\/wp-content\/uploads\/2019\/08\/ceza-hukuku-1-362x262.jpg\" class=\"img-fluid wp-post-image\" alt=\"\" loading=\"lazy\" \/>              <\/a>\n                        <\/div>\n          <div class=\"market-item-details\">\n            <a href=\"https:\/\/www.senturkdundar.av.tr\/de\/service\/strafrecht\/\">Strafrecht<\/a>\n            <p class=\"card-text\">[vc_row][vc_column][vc_column_text] Es ist eine Abteilung des \u00f6ffentlichen Rechts, die die Konzepte des Strafrechts, der Kriminalit\u00e4t und der Bestrafung untersucht. Der Zweck des Strafgesetzbuches gem\u00e4\u00df dem t\u00fcrkischen Strafgesetzbuch; Schutz der Rechte und Freiheiten des Einzelnen, der \u00f6ffentlichen Ordnung und Sicherheit, der Rechtsstaatlichkeit, der \u00f6ffentlichen Gesundheit und der Umwelt, des \u00f6ffentlichen Friedens und der Verh\u00fctung von Straftaten. [&hellip;]<\/p>\n          <\/div>\n        <\/div>\n      <\/div>\n\n    \n  \n      <div class=\"col-lg-3  col-md-6\">\n        <div class=\"market-single-items\">\n          <div class=\"market-item-thumb\">\n                          <a href=\"https:\/\/www.senturkdundar.av.tr\/de\/service\/icra-iflas-hukuku\/\">\n                <div class=\"img-overlay style-1 activeColor\">\n                  <i class=\"fa fa-link\" aria-hidden=\"true\"><\/i>\n                <\/div>\n                  <img width=\"362\" height=\"262\" src=\"https:\/\/www.senturkdundar.av.tr\/wp-content\/uploads\/2019\/08\/icra-iflas-hukuku-1-362x262.jpg\" class=\"img-fluid wp-post-image\" alt=\"\" loading=\"lazy\" \/>              <\/a>\n                        <\/div>\n          <div class=\"market-item-details\">\n            <a href=\"https:\/\/www.senturkdundar.av.tr\/de\/service\/icra-iflas-hukuku\/\">Executive und Bankruptcy Law<\/a>\n            <p class=\"card-text\">[vc_row][vc_column][vc_column_text] Das Vollstreckungs- und Insolvenzrecht ist ein Rechtszweig, der sich mit der Erf\u00fcllung von Schulden aus einem privatrechtlichen Verh\u00e4ltnis befasst und nicht mit Zustimmung des Schuldners mit Gewalt des Staates erf\u00fcllt wird. Nach t\u00fcrkischem Recht ist es verboten, spontan Rechte zu erhalten, mit Ausnahme au\u00dfergew\u00f6hnlicher Vorschriften. Im Zwangsvollstreckungsgesetz wird die Gewaltanwendungsbefugnis nur dem Staat \u00fcbertragen. [&hellip;]<\/p>\n          <\/div>\n        <\/div>\n      <\/div>\n\n    \n  \n      <div class=\"col-lg-3  col-md-6\">\n        <div class=\"market-single-items\">\n          <div class=\"market-item-thumb\">\n                          <a href=\"https:\/\/www.senturkdundar.av.tr\/de\/service\/aile-hukuku\/\">\n                <div class=\"img-overlay style-1 activeColor\">\n                  <i class=\"fa fa-link\" aria-hidden=\"true\"><\/i>\n                <\/div>\n                  <img width=\"362\" height=\"262\" src=\"https:\/\/www.senturkdundar.av.tr\/wp-content\/uploads\/2018\/11\/aile-hukuku-1-362x262.jpg\" class=\"img-fluid wp-post-image\" alt=\"\" loading=\"lazy\" \/>              <\/a>\n                        <\/div>\n          <div class=\"market-item-details\">\n            <a href=\"https:\/\/www.senturkdundar.av.tr\/de\/service\/aile-hukuku\/\">Familiengesetz<\/a>\n            <p class=\"card-text\">[vc_row][vc_column][vc_column_text] Anwaltskanzlei \u015eent\u00fcrk &amp; D\u00fcndar zum Familienrecht zwischen t\u00fcrkischen Staatsb\u00fcrgern und t\u00fcrkischen Staatsb\u00fcrgern und Ausl\u00e4ndern aus dem Familien- und Zivilrecht, Ehe, Verlobung, Scheidung, Unterhaltsverpflichtungen, Sorgerecht, Eigentumsverh\u00e4ltnissen zwischen Ehegatten, Verwandtschaft, Herkunftsbildung, Adoption, Kindereigentum , Familie Dient dazu, der Vertraulichkeit des Privatlebens im Rahmen der Bestimmungen des B\u00fcrgerlichen Gesetzbuchs, der Zivilprozessordnung und der einschl\u00e4gigen internationalen Abkommen und [&hellip;]<\/p>\n          <\/div>\n        <\/div>\n      <\/div>\n\n    \n  <\/div>\n\n[\/vc_column][\/vc_row]<\/p>\n","protected":false},"excerpt":{"rendered":"<p>[vc_row][vc_column][\/vc_column][\/vc_row]<\/p>\n","protected":false},"author":1,"featured_media":0,"parent":0,"menu_order":0,"comment_status":"closed","ping_status":"closed","template":"","meta":[],"_links":{"self":[{"href":"https:\/\/www.senturkdundar.av.tr\/de\/wp-json\/wp\/v2\/pages\/1492"}],"collection":[{"href":"https:\/\/www.senturkdundar.av.tr\/de\/wp-json\/wp\/v2\/pages"}],"about":[{"href":"https:\/\/www.senturkdundar.av.tr\/de\/wp-json\/wp\/v2\/types\/page"}],"author":[{"embeddable":true,"href":"https:\/\/www.senturkdundar.av.tr\/de\/wp-json\/wp\/v2\/users\/1"}],"replies":[{"embeddable":true,"href":"https:\/\/www.senturkdundar.av.tr\/de\/wp-json\/wp\/v2\/comments?post=1492"}],"version-history":[{"count":3,"href":"https:\/\/www.senturkdundar.av.tr\/de\/wp-json\/wp\/v2\/pages\/1492\/revisions"}],"predecessor-version":[{"id":1688,"href":"https:\/\/www.senturkdundar.av.tr\/de\/wp-json\/wp\/v2\/pages\/1492\/revisions\/1688"}],"wp:attachment":[{"href":"https:\/\/www.senturkdundar.av.tr\/de\/wp-json\/wp\/v2\/media?parent=1492"}],"curies":[{"name":"wp","href":"https:\/\/api.w.org\/{rel}","templated":true}]}}